{"id":245,"date":"2018-09-13T20:36:00","date_gmt":"2018-09-13T18:36:00","guid":{"rendered":"http:\/\/www.bru-stars.be\/?page_id=245"},"modified":"2020-02-11T20:59:35","modified_gmt":"2020-02-11T19:59:35","slug":"begeleidingscomite-coordinatie","status":"publish","type":"page","link":"http:\/\/www.bru-stars.be\/nl\/le-reseau-bru-stars-historique\/organisatiestructuur-bru-stars\/begeleidingscomites\/begeleidingscomite-coordinatie\/","title":{"rendered":"BC Co\u00f6rdinatie"},"content":{"rendered":"<p><span style=\"text-decoration: underline;\"><span style=\"font-size: 14pt;\"><strong>Begeleidingscomit\u00e9 van de Co\u00f6rdinatie<\/strong><\/span><\/span><\/p>\n<h5><u>Missies<\/u><\/h5>\n<ul>\n<li>Accompagner la coordination et mettre en place un cadre qui permet un travail d\u2019\u00e9quipe qui soutient la coordination, son fonctionnement interne et les processus g\u00e9r\u00e9s et\/ou d\u00e9cid\u00e9s par le CRE\u00a0;<\/li>\n<li>Aider la coordination \u00e0 pr\u00e9parer l\u2019ordre du jour du CRE ainsi que pour l\u2019animation du CRE\u00a0;<\/li>\n<li>Sur demande du CRE, pr\u00e9parer des dossiers pour permettre, au CRE, une prise de d\u00e9cision ad\u00e9quate et compatible avec les \u00e9ch\u00e9ances \u00e0 rencontrer\u00a0; par exemple\u00a0:<\/li>\n<\/ul>\n<ol>\n<li>\n<ul>\n<li>Pr\u00e9parer certains travaux dans la transparence\u00a0afin d\u2019\u00e9viter que tout ne doive \u00eatre rediscut\u00e9 en d\u00e9tail en CRE\u00a0;<\/li>\n<li>Proposer certaines proc\u00e9dures\u00a0\u2013 par exemple une proc\u00e9dure d\u2019\u00e9valuation du personnel\u00a0;<\/li>\n<li>Etablir et proposer un code de \u00ab\u00a0bonne conduite\u00a0\u00bb du CRE et du CAC.<\/li>\n<\/ul>\n<\/li>\n<\/ol>\n<ul>\n<li>Partager certaines responsabilit\u00e9s ou prises d\u2019initiatives avec la coordination, vis-\u00e0-vis des autorit\u00e9s (SPF, COCOM, COCOF\u2026) et jouer, un r\u00f4le d\u2019interface pour repr\u00e9senter le CRE\u00a0;<\/li>\n<li>Assumer un r\u00f4le de vigilance par rapport aux d\u00e9cisions qui sont prises et veiller \u00e0 ne plus revenir sur des d\u00e9cisions prises\u00a0;<\/li>\n<li>\u00catre un lieu de r\u00e9ception des questions ou des probl\u00e8mes (pour les usagers, les membres des \u00e9quipes, les partenaires, \u2026), pour r\u00e9fl\u00e9chir au cadre \u00e0 proposer de sorte \u00e0 apporter une r\u00e9ponse, et le pr\u00e9senter en CRE, si n\u00e9cessaire.<\/li>\n<\/ul>\n<h5><u>Samenstelling<\/u><\/h5>\n<p>Het BC van de Co\u00f6rdinatie zal samengesteld zijn uit maximaal 8 gemotiveerde personen (in het ideale geval intersectorale) van het UNC (effectieve of plaatsvervangende leden) + de co\u00f6rdinatie. Op uitnodiging kunnen andere personen uitgenodigd worden.<\/p>\n<p>Het zal niet mogelijk zijn om vertegenwoordigers vanuit elke sector te hebben, maar het is belangrijk om er over te waken dat er vertegenwoordigers van de ambulante sectoren en van sectoren buiten de GGZ aanwezig zijn. Een zekere ervaring op vlak van HR en projecten is belangrijk.<\/p>\n<p>De samenstelling wordt bepaald door het UNC.<\/p>\n<p>De aanwezigheid van de netwerkartsen zal conform hun functieprofiel zijn.<\/p>","protected":false},"excerpt":{"rendered":"<p>Begeleidingscomit\u00e9 van de Co\u00f6rdinatie Missies Accompagner la coordination et mettre en place un cadre qui permet un travail d\u2019\u00e9quipe qui soutient la coordination, son fonctionnement interne et les processus g\u00e9r\u00e9s<a href=\"http:\/\/www.bru-stars.be\/nl\/le-reseau-bru-stars-historique\/organisatiestructuur-bru-stars\/begeleidingscomites\/begeleidingscomite-coordinatie\/\" class=\"more-link\">Read More <span class=\"screen-reader-text\">BC Co\u00f6rdinatie<\/span><\/a><\/p>\n","protected":false},"author":2,"featured_media":0,"parent":239,"menu_order":0,"comment_status":"closed","ping_status":"closed","template":"","meta":{"om_disable_all_campaigns":false,"_monsterinsights_skip_tracking":false,"_monsterinsights_sitenote_active":false,"_monsterinsights_sitenote_note":"","_monsterinsights_sitenote_category":0,"_uf_show_specific_survey":0,"_uf_disable_surveys":false,"footnotes":""},"aioseo_notices":[],"yoast_head":"<!-- This site is optimized with the Yoast SEO plugin v21.0 - https:\/\/yoast.com\/wordpress\/plugins\/seo\/ -->\n<title>BC Co\u00f6rdinatie - Bru-Stars<\/title>\n<meta name=\"robots\" content=\"index, follow, max-snippet:-1, max-image-preview:large, max-video-preview:-1\" \/>\n<link rel=\"canonical\" href=\"http:\/\/www.bru-stars.be\/nl\/le-reseau-bru-stars-historique\/organisatiestructuur-bru-stars\/begeleidingscomites\/begeleidingscomite-coordinatie\/\" \/>\n<meta property=\"og:locale\" content=\"nl_NL\" \/>\n<meta property=\"og:type\" content=\"article\" \/>\n<meta property=\"og:title\" content=\"BC Co\u00f6rdinatie - Bru-Stars\" \/>\n<meta property=\"og:description\" content=\"Begeleidingscomit\u00e9 van de Co\u00f6rdinatie Missies Accompagner la coordination et mettre en place un cadre qui permet un travail d\u2019\u00e9quipe qui soutient la coordination, son fonctionnement interne et les processus g\u00e9r\u00e9sRead More BC Co\u00f6rdinatie\" \/>\n<meta property=\"og:url\" content=\"http:\/\/www.bru-stars.be\/nl\/le-reseau-bru-stars-historique\/organisatiestructuur-bru-stars\/begeleidingscomites\/begeleidingscomite-coordinatie\/\" \/>\n<meta property=\"og:site_name\" content=\"Bru-Stars\" \/>\n<meta property=\"article:modified_time\" content=\"2020-02-11T19:59:35+00:00\" \/>\n<meta name=\"twitter:card\" content=\"summary_large_image\" \/>\n<meta name=\"twitter:label1\" content=\"Geschatte leestijd\" \/>\n\t<meta name=\"twitter:data1\" content=\"3 minuten\" \/>\n<script type=\"application\/ld+json\" class=\"yoast-schema-graph\">{\"@context\":\"https:\/\/schema.org\",\"@graph\":[{\"@type\":\"WebPage\",\"@id\":\"http:\/\/www.bru-stars.be\/nl\/le-reseau-bru-stars-historique\/organisatiestructuur-bru-stars\/begeleidingscomites\/begeleidingscomite-coordinatie\/\",\"url\":\"http:\/\/www.bru-stars.be\/nl\/le-reseau-bru-stars-historique\/organisatiestructuur-bru-stars\/begeleidingscomites\/begeleidingscomite-coordinatie\/\",\"name\":\"BC Co\u00f6rdinatie - Bru-Stars\",\"isPartOf\":{\"@id\":\"https:\/\/www.bru-stars.be\/#website\"},\"datePublished\":\"2018-09-13T18:36:00+00:00\",\"dateModified\":\"2020-02-11T19:59:35+00:00\",\"breadcrumb\":{\"@id\":\"http:\/\/www.bru-stars.be\/nl\/le-reseau-bru-stars-historique\/organisatiestructuur-bru-stars\/begeleidingscomites\/begeleidingscomite-coordinatie\/#breadcrumb\"},\"inLanguage\":\"nl-NL\",\"potentialAction\":[{\"@type\":\"ReadAction\",\"target\":[\"http:\/\/www.bru-stars.be\/nl\/le-reseau-bru-stars-historique\/organisatiestructuur-bru-stars\/begeleidingscomites\/begeleidingscomite-coordinatie\/\"]}]},{\"@type\":\"BreadcrumbList\",\"@id\":\"http:\/\/www.bru-stars.be\/nl\/le-reseau-bru-stars-historique\/organisatiestructuur-bru-stars\/begeleidingscomites\/begeleidingscomite-coordinatie\/#breadcrumb\",\"itemListElement\":[{\"@type\":\"ListItem\",\"position\":1,\"name\":\"Accueil\",\"item\":\"https:\/\/www.bru-stars.be\/\"},{\"@type\":\"ListItem\",\"position\":2,\"name\":\"Netwerk Bru-Stars\",\"item\":\"http:\/\/www.bru-stars.be\/nl\/le-reseau-bru-stars-historique\/\"},{\"@type\":\"ListItem\",\"position\":3,\"name\":\"Structure organisationnelle\",\"item\":\"https:\/\/www.bru-stars.be\/le-reseau-bru-stars-historique\/organisatiestructuur-bru-stars\/\"},{\"@type\":\"ListItem\",\"position\":4,\"name\":\"(Fran\u00e7ais) Comit\u00e9s d&#8217;Accompagnement\",\"item\":\"http:\/\/www.bru-stars.be\/en\/le-reseau-bru-stars-historique\/organisatiestructuur-bru-stars\/begeleidingscomites\/\"},{\"@type\":\"ListItem\",\"position\":5,\"name\":\"BC Co\u00f6rdinatie\"}]},{\"@type\":\"WebSite\",\"@id\":\"https:\/\/www.bru-stars.be\/#website\",\"url\":\"https:\/\/www.bru-stars.be\/\",\"name\":\"Bru-Stars\",\"description\":\"R\u00e9seau bruxellois en sante mentale pour enfants et adolescents \u00b7 Brussels netwerk geestelijke gezondheid voor kinderen en jongeren\",\"publisher\":{\"@id\":\"https:\/\/www.bru-stars.be\/#organization\"},\"potentialAction\":[{\"@type\":\"SearchAction\",\"target\":{\"@type\":\"EntryPoint\",\"urlTemplate\":\"https:\/\/www.bru-stars.be\/?s={search_term_string}\"},\"query-input\":\"required name=search_term_string\"}],\"inLanguage\":\"nl-NL\"},{\"@type\":\"Organization\",\"@id\":\"https:\/\/www.bru-stars.be\/#organization\",\"name\":\"Bru-Stars\",\"url\":\"https:\/\/www.bru-stars.be\/\",\"logo\":{\"@type\":\"ImageObject\",\"inLanguage\":\"nl-NL\",\"@id\":\"https:\/\/www.bru-stars.be\/#\/schema\/logo\/image\/\",\"url\":\"http:\/\/www.bru-stars.be\/wp-content\/uploads\/2024\/07\/nouveau-logo-brustars.svg\",\"contentUrl\":\"http:\/\/www.bru-stars.be\/wp-content\/uploads\/2024\/07\/nouveau-logo-brustars.svg\",\"caption\":\"Bru-Stars\"},\"image\":{\"@id\":\"https:\/\/www.bru-stars.be\/#\/schema\/logo\/image\/\"}}]}<\/script>\n<!-- \/ Yoast SEO plugin. -->","yoast_head_json":{"title":"BC Co\u00f6rdinatie - Bru-Stars","robots":{"index":"index","follow":"follow","max-snippet":"max-snippet:-1","max-image-preview":"max-image-preview:large","max-video-preview":"max-video-preview:-1"},"canonical":"http:\/\/www.bru-stars.be\/nl\/le-reseau-bru-stars-historique\/organisatiestructuur-bru-stars\/begeleidingscomites\/begeleidingscomite-coordinatie\/","og_locale":"nl_NL","og_type":"article","og_title":"BC Co\u00f6rdinatie - Bru-Stars","og_description":"Begeleidingscomit\u00e9 van de Co\u00f6rdinatie Missies Accompagner la coordination et mettre en place un cadre qui permet un travail d\u2019\u00e9quipe qui soutient la coordination, son fonctionnement interne et les processus g\u00e9r\u00e9sRead More BC Co\u00f6rdinatie","og_url":"http:\/\/www.bru-stars.be\/nl\/le-reseau-bru-stars-historique\/organisatiestructuur-bru-stars\/begeleidingscomites\/begeleidingscomite-coordinatie\/","og_site_name":"Bru-Stars","article_modified_time":"2020-02-11T19:59:35+00:00","twitter_card":"summary_large_image","twitter_misc":{"Geschatte leestijd":"3 minuten"},"schema":{"@context":"https:\/\/schema.org","@graph":[{"@type":"WebPage","@id":"http:\/\/www.bru-stars.be\/nl\/le-reseau-bru-stars-historique\/organisatiestructuur-bru-stars\/begeleidingscomites\/begeleidingscomite-coordinatie\/","url":"http:\/\/www.bru-stars.be\/nl\/le-reseau-bru-stars-historique\/organisatiestructuur-bru-stars\/begeleidingscomites\/begeleidingscomite-coordinatie\/","name":"BC Co\u00f6rdinatie - Bru-Stars","isPartOf":{"@id":"https:\/\/www.bru-stars.be\/#website"},"datePublished":"2018-09-13T18:36:00+00:00","dateModified":"2020-02-11T19:59:35+00:00","breadcrumb":{"@id":"http:\/\/www.bru-stars.be\/nl\/le-reseau-bru-stars-historique\/organisatiestructuur-bru-stars\/begeleidingscomites\/begeleidingscomite-coordinatie\/#breadcrumb"},"inLanguage":"nl-NL","potentialAction":[{"@type":"ReadAction","target":["http:\/\/www.bru-stars.be\/nl\/le-reseau-bru-stars-historique\/organisatiestructuur-bru-stars\/begeleidingscomites\/begeleidingscomite-coordinatie\/"]}]},{"@type":"BreadcrumbList","@id":"http:\/\/www.bru-stars.be\/nl\/le-reseau-bru-stars-historique\/organisatiestructuur-bru-stars\/begeleidingscomites\/begeleidingscomite-coordinatie\/#breadcrumb","itemListElement":[{"@type":"ListItem","position":1,"name":"Accueil","item":"https:\/\/www.bru-stars.be\/"},{"@type":"ListItem","position":2,"name":"Netwerk Bru-Stars","item":"http:\/\/www.bru-stars.be\/nl\/le-reseau-bru-stars-historique\/"},{"@type":"ListItem","position":3,"name":"Structure organisationnelle","item":"https:\/\/www.bru-stars.be\/le-reseau-bru-stars-historique\/organisatiestructuur-bru-stars\/"},{"@type":"ListItem","position":4,"name":"(Fran\u00e7ais) Comit\u00e9s d&#8217;Accompagnement","item":"http:\/\/www.bru-stars.be\/en\/le-reseau-bru-stars-historique\/organisatiestructuur-bru-stars\/begeleidingscomites\/"},{"@type":"ListItem","position":5,"name":"BC Co\u00f6rdinatie"}]},{"@type":"WebSite","@id":"https:\/\/www.bru-stars.be\/#website","url":"https:\/\/www.bru-stars.be\/","name":"Bru-Stars","description":"R\u00e9seau bruxellois en sante mentale pour enfants et adolescents \u00b7 Brussels netwerk geestelijke gezondheid voor kinderen en jongeren","publisher":{"@id":"https:\/\/www.bru-stars.be\/#organization"},"potentialAction":[{"@type":"SearchAction","target":{"@type":"EntryPoint","urlTemplate":"https:\/\/www.bru-stars.be\/?s={search_term_string}"},"query-input":"required name=search_term_string"}],"inLanguage":"nl-NL"},{"@type":"Organization","@id":"https:\/\/www.bru-stars.be\/#organization","name":"Bru-Stars","url":"https:\/\/www.bru-stars.be\/","logo":{"@type":"ImageObject","inLanguage":"nl-NL","@id":"https:\/\/www.bru-stars.be\/#\/schema\/logo\/image\/","url":"http:\/\/www.bru-stars.be\/wp-content\/uploads\/2024\/07\/nouveau-logo-brustars.svg","contentUrl":"http:\/\/www.bru-stars.be\/wp-content\/uploads\/2024\/07\/nouveau-logo-brustars.svg","caption":"Bru-Stars"},"image":{"@id":"https:\/\/www.bru-stars.be\/#\/schema\/logo\/image\/"}}]}},"_links":{"self":[{"href":"http:\/\/www.bru-stars.be\/nl\/wp-json\/wp\/v2\/pages\/245"}],"collection":[{"href":"http:\/\/www.bru-stars.be\/nl\/wp-json\/wp\/v2\/pages"}],"about":[{"href":"http:\/\/www.bru-stars.be\/nl\/wp-json\/wp\/v2\/types\/page"}],"author":[{"embeddable":true,"href":"http:\/\/www.bru-stars.be\/nl\/wp-json\/wp\/v2\/users\/2"}],"replies":[{"embeddable":true,"href":"http:\/\/www.bru-stars.be\/nl\/wp-json\/wp\/v2\/comments?post=245"}],"version-history":[{"count":5,"href":"http:\/\/www.bru-stars.be\/nl\/wp-json\/wp\/v2\/pages\/245\/revisions"}],"predecessor-version":[{"id":567,"href":"http:\/\/www.bru-stars.be\/nl\/wp-json\/wp\/v2\/pages\/245\/revisions\/567"}],"up":[{"embeddable":true,"href":"http:\/\/www.bru-stars.be\/nl\/wp-json\/wp\/v2\/pages\/239"}],"wp:attachment":[{"href":"http:\/\/www.bru-stars.be\/nl\/wp-json\/wp\/v2\/media?parent=245"}],"curies":[{"name":"wp","href":"https:\/\/api.w.org\/{rel}","templated":true}]}}