{"id":853,"date":"2020-04-28T12:19:20","date_gmt":"2020-04-28T10:19:20","guid":{"rendered":"http:\/\/www.bru-stars.be\/?page_id=853"},"modified":"2023-04-29T01:57:38","modified_gmt":"2023-04-28T23:57:38","slug":"psychologue-de-premiere-ligne-enfants-et-adolescents","status":"publish","type":"page","link":"http:\/\/www.bru-stars.be\/nl\/programmes-et-offres-de-soins\/psychologue-de-premiere-ligne-enfants-et-adolescents\/","title":{"rendered":"Eerstelijnspsychologische zorg voor kinderen en jongeren 2022-23"},"content":{"rendered":"<p><span style=\"color: #0000ff;\"><strong>U kunt alle informatie over het project Eerstelijnspsychologische zorg in Brussel terugvinden op onze nieuwe website\u00a0<\/strong><\/span><\/p>\n<p><a href=\"https:\/\/psybru.be\/nl\" target=\"_blank\" rel=\"attachment noopener wp-att-1190\"><img decoding=\"async\" loading=\"lazy\" class=\"size-thumbnail wp-image-1190 aligncenter lazyload\" data-src=\"http:\/\/www.bru-stars.be\/wp-content\/uploads\/2023\/04\/psybru-150x150.png\" alt=\"\" width=\"150\" height=\"150\" data-srcset=\"http:\/\/www.bru-stars.be\/wp-content\/uploads\/2023\/04\/psybru-150x150.png 150w, http:\/\/www.bru-stars.be\/wp-content\/uploads\/2023\/04\/psybru-300x300.png 300w, http:\/\/www.bru-stars.be\/wp-content\/uploads\/2023\/04\/psybru-1024x1024.png 1024w, http:\/\/www.bru-stars.be\/wp-content\/uploads\/2023\/04\/psybru-768x768.png 768w, http:\/\/www.bru-stars.be\/wp-content\/uploads\/2023\/04\/psybru-1536x1536.png 1536w, http:\/\/www.bru-stars.be\/wp-content\/uploads\/2023\/04\/psybru-2048x2048.png 2048w\" data-sizes=\"(max-width: 150px) 100vw, 150px\" src=\"data:image\/gif;base64,R0lGODlhAQABAAAAACH5BAEKAAEALAAAAAABAAEAAAICTAEAOw==\" style=\"--smush-placeholder-width: 150px; --smush-placeholder-aspect-ratio: 150\/150;\" \/><noscript><img decoding=\"async\" loading=\"lazy\" class=\"size-thumbnail wp-image-1190 aligncenter\" src=\"http:\/\/www.bru-stars.be\/wp-content\/uploads\/2023\/04\/psybru-150x150.png\" alt=\"\" width=\"150\" height=\"150\" srcset=\"http:\/\/www.bru-stars.be\/wp-content\/uploads\/2023\/04\/psybru-150x150.png 150w, http:\/\/www.bru-stars.be\/wp-content\/uploads\/2023\/04\/psybru-300x300.png 300w, http:\/\/www.bru-stars.be\/wp-content\/uploads\/2023\/04\/psybru-1024x1024.png 1024w, http:\/\/www.bru-stars.be\/wp-content\/uploads\/2023\/04\/psybru-768x768.png 768w, http:\/\/www.bru-stars.be\/wp-content\/uploads\/2023\/04\/psybru-1536x1536.png 1536w, http:\/\/www.bru-stars.be\/wp-content\/uploads\/2023\/04\/psybru-2048x2048.png 2048w\" sizes=\"(max-width: 150px) 100vw, 150px\" \/><\/noscript><\/a><\/p>\n<p><span style=\"color: #0000ff;\">U vindt er de lijsten met geconventioneerde psychologen (zoekfunctie), de groepsprojecten alsook meer informatie over de andere opdrachten voor de Netwerken Bru-Stars (kinderen en jongeren van 0 tot 23j) en Brumenta (voor volwassenen en ouderen vanaf 15j).<\/span><\/p>\n<p>&nbsp;<\/p>\n<p><b>Psychologische functies in de eerste lijn via multidisciplinaire netwerken en lokale partnerschappen <\/b><b>&#8211; januari 2022<\/b><\/p>\n<p><span style=\"font-family: georgia,palatino,serif; font-size: 12pt;\"><strong>Inleiding<\/strong><\/span><\/p>\n<p>Op 2 december 2020 werd een Protocolakkoord gesloten tussen de Federale Regering en de Gewesten en Gemeenschappen over een geco\u00f6rdineerde aanpak om het aanbod van <strong>psychologische zorg te versterken<\/strong>, in het bijzonder voor de kwetsbare doelgroepen die het zwaarst getroffen zijn door de COVID-19-pandemie. Dit aanbod is erop gericht de psychologische zorg toegankelijker te maken voor de bevolking, zowel wat de procedures als wat de prijs betreft.<\/p>\n<p>Vanaf 1 september 2021 wordt het aanbod van eerstelijns psychologische zorg voor het hele land en op geco\u00f6rdineerde wijze geleidelijk versterkt. Een eerste deel van het aanbod is beschikbaar voor het grote publiek vanaf 1 januari 2022.<\/p>\n<p>De tegemoetkoming van het RIZIV gebeurt via een nieuwe conventie met een potentieel van 32 lokale netwerken voor geestelijke gezondheidszorg, die elk hun eigen werkgebied hebben en samen heel Belgi\u00eb bestrijken. Het doel hiervan is zowel een gemakkelijker toegang tot psychologische zorg als een betere erkenning van het werk van de beroepsbeoefenaren die bij dit nieuwe systeem betrokken zijn.<\/p>\n<p>Het aanbod dekt psychologisch zorg voor <u>kinderen, adolescenten en volwassenen en ouderen.<\/u> Dit gebeurt via zorg in de eerste lijn voor algemeen psychisch welbevinden en ook via meer gespecialiseerde zorg wegens een ernstig onderliggend psychologisch probleem. Bijzondere aandacht gaat uit naar de kwetsbare doelgroepen die vanuit een psychologische invalshoek het zwaarst getroffen zijn door de COVID-19-pandemie.<\/p>\n<p><span style=\"font-family: georgia,palatino,serif; font-size: 12pt;\"><strong>Doelgroep en voorwaarden :<\/strong><\/span><\/p>\n<ul>\n<li>Voor kinderen en jongeren (0-23 jaar)<\/li>\n<li>Voor volwassenen en ouderen (+15 jaar)<\/li>\n<li>Persoon <b>in <\/b><b>orde<\/b><b> met <\/b><b>mutualiteit<\/b><\/li>\n<li>Specifieke aandacht voor <b>kwetsbare<\/b> <b>doelgroepen<\/b>\n<ul>\n<li>Kinderen en ouders van kwetsbare gezinnen,<\/li>\n<li>Jongvolwassenen,<\/li>\n<li>Personen met multiple problemen,<\/li>\n<li>Personen met reeds bestaande geestelijke gezondheidsproblemen, waaronder personen met een daarmee samenhangende geestelijke beperking,<\/li>\n<li>Verstrekkers van gezondheids- en sociale zorg,<\/li>\n<li>Sociaal uitgesloten groepen,<\/li>\n<li>Zelfstandigen en werknemers die een risico lopen op arbeidsongeschiktheid,<\/li>\n<li>Personen met langdurige aandoeningen na een COVID-19-infectie,<\/li>\n<li>Personen die een dierbare hebben verloren,<\/li>\n<li>Financieel kwetsbare groepen.<\/li>\n<\/ul>\n<\/li>\n<\/ul>\n<p><span style=\"font-family: georgia,palatino,serif; font-size: 12pt;\"><strong>Beschikbaar aanbod :<\/strong><\/span><\/p>\n<ul style=\"list-style-type: circle;\">\n<li><strong><u>Eerstelijnspsychologische zorg:<\/u> <\/strong>Dit aanbod biedt\u00a0kortdurende en\/of weinig intensieve psychologische interventies die bijdragen tot een algemeen psychisch welbevinden of die ertoe bijdragen het psychisch welbevinden te herwinnen.\n<ul>\n<li>Individuele of groepssessies<\/li>\n<li>Belang van outreach en vindplaats-gericht werken<\/li>\n<\/ul>\n<\/li>\n<\/ul>\n<p style=\"text-align: center;\"><a href=\"http:\/\/www.bru-stars.be\/programmes-et-offres-de-soins\/psychologue-de-premiere-ligne-enfants-et-adolescents\/fonction-psychologique-de-premiere-ligne\/\" target=\"_blank\" rel=\"noopener noreferrer\"><strong>Klik hier voor meer informatie over dit aanbod.<\/strong><\/a><\/p>\n<ul style=\"list-style-type: circle;\">\n<li><strong><u>Gespecialiseerde psychologische zorg:<\/u> <\/strong>Dit aanbod is gericht op mensen die specifiekere of meer intensieve zorg nodig hebben door ernstigere onderliggende psychische problemen.\n<ul style=\"list-style-type: circle;\">\n<li>Individuele of groepssessies<\/li>\n<li>Belang van outreach en vindplaats-gericht werken<\/li>\n<\/ul>\n<\/li>\n<\/ul>\n<p style=\"text-align: center;\"><a href=\"http:\/\/www.bru-stars.be\/soins-specialises\/\" target=\"_blank\" rel=\"noopener noreferrer\"><strong>Klik hier voor meer informatie over dit aanbod.<\/strong><\/a><\/p>\n<ul style=\"list-style-type: circle;\">\n<li><strong>Multidisciplinair overleg<\/strong> (max. 1x\/jaar per pati\u00ebnt)<\/li>\n<\/ul>\n<p>&nbsp;<\/p>\n<ul style=\"list-style-type: circle;\">\n<li><strong>Groepsaanbod :<\/strong> zie <a href=\"https:\/\/psybru.be\/nl\/groepssessies\" target=\"_blank\" rel=\"noopener\">https.\/\/psybru.be<\/a><\/li>\n<\/ul>\n<p>&nbsp;<\/p>\n<ul style=\"list-style-type: circle;\">\n<li><strong>Andere opdrachten :<\/strong> zie <a href=\"https:\/\/psybru.be\">https:\/\/psybru.be\u00a0<\/a><\/li>\n<\/ul>\n<p>&nbsp;<\/p>\n<p><span style=\"font-family: georgia, palatino, serif; font-size: 14pt;\"><strong>Vind een klinisch psycholoog\/orthopedagoog (in Brussel) :<\/strong><\/span><\/p>\n<ul style=\"list-style-type: circle;\">\n<li>Voor de 0-23 jarigen, georganiseerd door het netwerk Bru-Stars via de volgende link: <a href=\"http:\/\/www.bru-stars.be\/programmes-et-offres-de-soins\/psychologue-de-premiere-ligne-enfants-et-adolescents\/liste-ppl-enfants-ados-bru-stars-pour-site-web-1\/\" rel=\"attachment wp-att-1139\">Liste-PPL-enfants-ados-Bru-Stars-pour-site-web-1<\/a><\/li>\n<\/ul>\n<ul style=\"list-style-type: circle;\">\n<li>Voor de +15-jarigen, georganiseerd door het netwerk Brumenta via de volgende link: <a href=\"http:\/\/www.107bru.be\/projet_inami\">projet_inami | R\u00e9seau d\u00e9velopp\u00e9 sur la R\u00e9gion de Bruxelles-Capitale dans le cadre de la R\u00e9forme \u00ab vers de meilleurs soins en sant\u00e9 mentale\u2026 \u00bb (107bru.be)<\/a><\/li>\n<\/ul>\n<p>De netwerken Bru-Stars (0-23j) en Brumenta (15+) werken nauw samen bij de uitrol van het project Eerstelijnspsychologische zorg voor het gehele Brussels Hoofdstedelijk Gewest.<\/p>\n<p>U vindt het volledige overzicht van geconventioneerde psychologen en orthopedagogen op onze vernieuwde website :<\/p>\n<p style=\"text-align: center;\"><a href=\"https:\/\/psybru.be\/nl\" target=\"_blank\" rel=\"attachment noopener wp-att-1190\"><img decoding=\"async\" loading=\"lazy\" class=\"alignnone wp-image-1190 size-thumbnail lazyload\" data-src=\"http:\/\/www.bru-stars.be\/wp-content\/uploads\/2023\/04\/psybru-150x150.png\" alt=\"\" width=\"150\" height=\"150\" data-srcset=\"http:\/\/www.bru-stars.be\/wp-content\/uploads\/2023\/04\/psybru-150x150.png 150w, http:\/\/www.bru-stars.be\/wp-content\/uploads\/2023\/04\/psybru-300x300.png 300w, http:\/\/www.bru-stars.be\/wp-content\/uploads\/2023\/04\/psybru-1024x1024.png 1024w, http:\/\/www.bru-stars.be\/wp-content\/uploads\/2023\/04\/psybru-768x768.png 768w, http:\/\/www.bru-stars.be\/wp-content\/uploads\/2023\/04\/psybru-1536x1536.png 1536w, http:\/\/www.bru-stars.be\/wp-content\/uploads\/2023\/04\/psybru-2048x2048.png 2048w\" data-sizes=\"(max-width: 150px) 100vw, 150px\" src=\"data:image\/gif;base64,R0lGODlhAQABAAAAACH5BAEKAAEALAAAAAABAAEAAAICTAEAOw==\" style=\"--smush-placeholder-width: 150px; --smush-placeholder-aspect-ratio: 150\/150;\" \/><noscript><img decoding=\"async\" loading=\"lazy\" class=\"alignnone wp-image-1190 size-thumbnail\" src=\"http:\/\/www.bru-stars.be\/wp-content\/uploads\/2023\/04\/psybru-150x150.png\" alt=\"\" width=\"150\" height=\"150\" srcset=\"http:\/\/www.bru-stars.be\/wp-content\/uploads\/2023\/04\/psybru-150x150.png 150w, http:\/\/www.bru-stars.be\/wp-content\/uploads\/2023\/04\/psybru-300x300.png 300w, http:\/\/www.bru-stars.be\/wp-content\/uploads\/2023\/04\/psybru-1024x1024.png 1024w, http:\/\/www.bru-stars.be\/wp-content\/uploads\/2023\/04\/psybru-768x768.png 768w, http:\/\/www.bru-stars.be\/wp-content\/uploads\/2023\/04\/psybru-1536x1536.png 1536w, http:\/\/www.bru-stars.be\/wp-content\/uploads\/2023\/04\/psybru-2048x2048.png 2048w\" sizes=\"(max-width: 150px) 100vw, 150px\" \/><\/noscript><\/a><\/p>\n<p>Deze website is zowel toegankelijk via een klassieke navigator als via smartphone, met een zoekfunctie die het mogelijk maakt om aanbod te zoeken per gemeente en te filteren op basis van leeftijd, taal en de specialisaties van de psychologen.<\/p>\n<p>Belangrijke opmerking: De netwerken blijven psychologen, orthopedagogen en diensten conventioneren, dus het aanbod wordt regelmatig ge\u00fcpdatet.<\/p>\n<p>&nbsp;<\/p>\n<p><span style=\"font-size: 14pt;\"><strong>U bent klinisch psycholoog of orthopedagoog en u wenst zich te conventioneren?<\/strong><\/span><\/p>\n<p>Via volgende link vindt u <a href=\"http:\/\/www.bru-stars.be\/programmes-et-offres-de-soins\/psychologue-de-premiere-ligne-enfants-et-adolescents\/profil-psychologue-orthopedagogue-clinicien\/\" target=\"_blank\" rel=\"noopener noreferrer\"><strong>meer informatie en de voorwaarden<\/strong><\/a><\/p>\n<p><strong>Neem contact op met : <\/strong><\/p>\n<ul style=\"list-style-type: circle;\">\n<li>Bru-Stars voor de doelgroep kinderen en jongeren (0-23j) : <a href=\"mailto:k.coppens@bru-stars.be\">k.coppens@bru-stars.be<\/a><\/li>\n<li>Brumenta voor de doelgroep volwassenen (+15j) : <a href=\"mailto:coord.psy1@107bru.be\">coord.psy1@107bru.be<\/a><\/li>\n<\/ul>\n<p>&nbsp;<\/p>\n<p><span style=\"font-family: georgia, palatino, serif; font-size: 14pt;\"><strong>Meer informatie?<\/strong><\/span><\/p>\n<p><span style=\"font-family: georgia,palatino,serif; font-size: 12pt;\">Aarzel niet om contact op te nemen met<span style=\"text-align: left; color: #333333; text-transform: none; text-indent: 0px; letter-spacing: normal; font-style: normal; font-variant: normal; font-weight: 400; text-decoration: none; word-spacing: 0px; display: inline !important; white-space: normal; cursor: text; orphans: 2; float: none; -webkit-text-stroke-width: 0px; background-color: #ffffff;\"> Mevr. Kathleen Coppens, netwerkco\u00f6rdinator Bru-Stars via <\/span><a href=\"mailto:k.coppens@bru-stars.be\">k.coppens@bru-stars.be<\/a><span style=\"text-align: left; color: #333333; text-transform: none; text-indent: 0px; letter-spacing: normal; font-style: normal; font-variant: normal; font-weight: 400; text-decoration: none; word-spacing: 0px; display: inline !important; white-space: normal; cursor: text; orphans: 2; float: none; -webkit-text-stroke-width: 0px; background-color: #ffffff;\"> of 0474\/42.60.77<\/span><\/span><\/p>\n<ul style=\"list-style-type: circle;\">\n<li>U bent hulpverlener: <a href=\"https:\/\/www.inami.fgov.be\/nl\/professionals\/individuelezorgverleners\/klinisch-psycholoog\/Paginas\/eerstelijns-specialistische-psychologische-zorg-netwerken-geestelijke-gezondheidszorg.aspx\">Eerstelijns en gespecialiseerde psychologische zorg verlenen via netwerken voor geestelijke gezondheidszorg &#8211; RIZIV (fgov.be)<\/a><\/li>\n<li>U bent burger: <a href=\"https:\/\/www.inami.fgov.be\/nl\/themas\/kost-terugbetaling\/door-ziekenfonds\/geestelijke-gezondheidszorg\/Paginas\/eerstelijns-gespecialiseerde-psychologische-zorg-netwerk-geestelijke-gezondheidszorg.aspx\">Eerstelijns en gespecialiseerde psychologische zorg in een netwerk voor geestelijke gezondheidszorg &#8211; RIZIV (fgov.be)<\/a><\/li>\n<\/ul>\n<p>&nbsp;<\/p>\n<p><span style=\"font-size: 14pt;\"><strong>Nuttige documenten:\u00a0<\/strong><\/span><\/p>\n<ul>\n<li style=\"list-style-type: none;\">\n<ul>\n<li><a href=\"http:\/\/www.bru-stars.be\/convention-psy-ortho\/\">Convention psy-ortho<\/a><\/li>\n<li><a href=\"http:\/\/www.bru-stars.be\/template-functioneel-bilan-definitieve-versie\/\">template functioneel bilan &#8211; definitieve versie<\/a><\/li>\n<\/ul>\n<\/li>\n<\/ul>\n<p>&nbsp;<\/p>","protected":false},"excerpt":{"rendered":"<p>U kunt alle informatie over het project Eerstelijnspsychologische zorg in Brussel terugvinden op onze nieuwe website\u00a0 U vindt er de lijsten met geconventioneerde psychologen (zoekfunctie), de groepsprojecten alsook meer informatie<a href=\"http:\/\/www.bru-stars.be\/nl\/programmes-et-offres-de-soins\/psychologue-de-premiere-ligne-enfants-et-adolescents\/\" class=\"more-link\">Read More <span class=\"screen-reader-text\">Eerstelijnspsychologische zorg voor kinderen en jongeren 2022-23<\/span><\/a><\/p>\n","protected":false},"author":2,"featured_media":0,"parent":43,"menu_order":0,"comment_status":"closed","ping_status":"closed","template":"","meta":{"om_disable_all_campaigns":false,"_monsterinsights_skip_tracking":false,"_monsterinsights_sitenote_active":false,"_monsterinsights_sitenote_note":"","_monsterinsights_sitenote_category":0,"_uf_show_specific_survey":0,"_uf_disable_surveys":false,"footnotes":""},"aioseo_notices":[],"yoast_head":"<!-- This site is optimized with the Yoast SEO plugin v21.0 - https:\/\/yoast.com\/wordpress\/plugins\/seo\/ -->\n<title>Eerstelijnspsychologische zorg voor kinderen en jongeren 2022-23 - Bru-Stars<\/title>\n<meta name=\"robots\" content=\"index, follow, max-snippet:-1, max-image-preview:large, max-video-preview:-1\" \/>\n<link rel=\"canonical\" href=\"https:\/\/www.bru-stars.be\/programmes-et-offres-de-soins\/psychologue-de-premiere-ligne-enfants-et-adolescents\/\" \/>\n<meta property=\"og:locale\" content=\"nl_NL\" \/>\n<meta property=\"og:type\" content=\"article\" \/>\n<meta property=\"og:title\" content=\"Eerstelijnspsychologische zorg voor kinderen en jongeren 2022-23 - Bru-Stars\" \/>\n<meta property=\"og:description\" content=\"U kunt alle informatie over het project Eerstelijnspsychologische zorg in Brussel terugvinden op onze nieuwe website\u00a0 U vindt er de lijsten met geconventioneerde psychologen (zoekfunctie), de groepsprojecten alsook meer informatieRead More Eerstelijnspsychologische zorg voor kinderen en jongeren 2022-23\" \/>\n<meta property=\"og:url\" content=\"https:\/\/www.bru-stars.be\/programmes-et-offres-de-soins\/psychologue-de-premiere-ligne-enfants-et-adolescents\/\" \/>\n<meta property=\"og:site_name\" content=\"Bru-Stars\" \/>\n<meta property=\"article:modified_time\" content=\"2023-04-28T23:57:38+00:00\" \/>\n<meta property=\"og:image\" content=\"http:\/\/www.bru-stars.be\/wp-content\/uploads\/2023\/04\/psybru-150x150.png\" \/>\n<meta name=\"twitter:card\" content=\"summary_large_image\" \/>\n<meta name=\"twitter:label1\" content=\"Geschatte leestijd\" \/>\n\t<meta name=\"twitter:data1\" content=\"4 minuten\" \/>\n<script type=\"application\/ld+json\" class=\"yoast-schema-graph\">{\"@context\":\"https:\/\/schema.org\",\"@graph\":[{\"@type\":\"WebPage\",\"@id\":\"https:\/\/www.bru-stars.be\/programmes-et-offres-de-soins\/psychologue-de-premiere-ligne-enfants-et-adolescents\/\",\"url\":\"https:\/\/www.bru-stars.be\/programmes-et-offres-de-soins\/psychologue-de-premiere-ligne-enfants-et-adolescents\/\",\"name\":\"Eerstelijnspsychologische zorg voor kinderen en jongeren 2022-23 - Bru-Stars\",\"isPartOf\":{\"@id\":\"http:\/\/www.bru-stars.be\/#website\"},\"datePublished\":\"2020-04-28T10:19:20+00:00\",\"dateModified\":\"2023-04-28T23:57:38+00:00\",\"breadcrumb\":{\"@id\":\"https:\/\/www.bru-stars.be\/programmes-et-offres-de-soins\/psychologue-de-premiere-ligne-enfants-et-adolescents\/#breadcrumb\"},\"inLanguage\":\"nl-NL\",\"potentialAction\":[{\"@type\":\"ReadAction\",\"target\":[\"https:\/\/www.bru-stars.be\/programmes-et-offres-de-soins\/psychologue-de-premiere-ligne-enfants-et-adolescents\/\"]}]},{\"@type\":\"BreadcrumbList\",\"@id\":\"https:\/\/www.bru-stars.be\/programmes-et-offres-de-soins\/psychologue-de-premiere-ligne-enfants-et-adolescents\/#breadcrumb\",\"itemListElement\":[{\"@type\":\"ListItem\",\"position\":1,\"name\":\"Accueil\",\"item\":\"http:\/\/www.bru-stars.be\/\"},{\"@type\":\"ListItem\",\"position\":2,\"name\":\"Programmes\",\"item\":\"http:\/\/www.bru-stars.be\/programmes-et-offres-de-soins\/\"},{\"@type\":\"ListItem\",\"position\":3,\"name\":\"Soins psychologiques de premi\u00e8re ligne pour enfants et adolescents 2022-23\"}]},{\"@type\":\"WebSite\",\"@id\":\"http:\/\/www.bru-stars.be\/#website\",\"url\":\"http:\/\/www.bru-stars.be\/\",\"name\":\"Bru-Stars\",\"description\":\"R\u00e9seau bruxellois en sante mentale pour enfants et adolescents \u00b7 Brussels netwerk geestelijke gezondheid voor kinderen en jongeren\",\"publisher\":{\"@id\":\"http:\/\/www.bru-stars.be\/#organization\"},\"potentialAction\":[{\"@type\":\"SearchAction\",\"target\":{\"@type\":\"EntryPoint\",\"urlTemplate\":\"http:\/\/www.bru-stars.be\/?s={search_term_string}\"},\"query-input\":\"required name=search_term_string\"}],\"inLanguage\":\"nl-NL\"},{\"@type\":\"Organization\",\"@id\":\"http:\/\/www.bru-stars.be\/#organization\",\"name\":\"Bru-Stars\",\"url\":\"http:\/\/www.bru-stars.be\/\",\"logo\":{\"@type\":\"ImageObject\",\"inLanguage\":\"nl-NL\",\"@id\":\"http:\/\/www.bru-stars.be\/#\/schema\/logo\/image\/\",\"url\":\"http:\/\/www.bru-stars.be\/wp-content\/uploads\/2024\/07\/nouveau-logo-brustars.svg\",\"contentUrl\":\"http:\/\/www.bru-stars.be\/wp-content\/uploads\/2024\/07\/nouveau-logo-brustars.svg\",\"caption\":\"Bru-Stars\"},\"image\":{\"@id\":\"http:\/\/www.bru-stars.be\/#\/schema\/logo\/image\/\"}}]}<\/script>\n<!-- \/ Yoast SEO plugin. -->","yoast_head_json":{"title":"Eerstelijnspsychologische zorg voor kinderen en jongeren 2022-23 - Bru-Stars","robots":{"index":"index","follow":"follow","max-snippet":"max-snippet:-1","max-image-preview":"max-image-preview:large","max-video-preview":"max-video-preview:-1"},"canonical":"https:\/\/www.bru-stars.be\/programmes-et-offres-de-soins\/psychologue-de-premiere-ligne-enfants-et-adolescents\/","og_locale":"nl_NL","og_type":"article","og_title":"Eerstelijnspsychologische zorg voor kinderen en jongeren 2022-23 - Bru-Stars","og_description":"U kunt alle informatie over het project Eerstelijnspsychologische zorg in Brussel terugvinden op onze nieuwe website\u00a0 U vindt er de lijsten met geconventioneerde psychologen (zoekfunctie), de groepsprojecten alsook meer informatieRead More Eerstelijnspsychologische zorg voor kinderen en jongeren 2022-23","og_url":"https:\/\/www.bru-stars.be\/programmes-et-offres-de-soins\/psychologue-de-premiere-ligne-enfants-et-adolescents\/","og_site_name":"Bru-Stars","article_modified_time":"2023-04-28T23:57:38+00:00","og_image":[{"url":"http:\/\/www.bru-stars.be\/wp-content\/uploads\/2023\/04\/psybru-150x150.png"}],"twitter_card":"summary_large_image","twitter_misc":{"Geschatte leestijd":"4 minuten"},"schema":{"@context":"https:\/\/schema.org","@graph":[{"@type":"WebPage","@id":"https:\/\/www.bru-stars.be\/programmes-et-offres-de-soins\/psychologue-de-premiere-ligne-enfants-et-adolescents\/","url":"https:\/\/www.bru-stars.be\/programmes-et-offres-de-soins\/psychologue-de-premiere-ligne-enfants-et-adolescents\/","name":"Eerstelijnspsychologische zorg voor kinderen en jongeren 2022-23 - Bru-Stars","isPartOf":{"@id":"http:\/\/www.bru-stars.be\/#website"},"datePublished":"2020-04-28T10:19:20+00:00","dateModified":"2023-04-28T23:57:38+00:00","breadcrumb":{"@id":"https:\/\/www.bru-stars.be\/programmes-et-offres-de-soins\/psychologue-de-premiere-ligne-enfants-et-adolescents\/#breadcrumb"},"inLanguage":"nl-NL","potentialAction":[{"@type":"ReadAction","target":["https:\/\/www.bru-stars.be\/programmes-et-offres-de-soins\/psychologue-de-premiere-ligne-enfants-et-adolescents\/"]}]},{"@type":"BreadcrumbList","@id":"https:\/\/www.bru-stars.be\/programmes-et-offres-de-soins\/psychologue-de-premiere-ligne-enfants-et-adolescents\/#breadcrumb","itemListElement":[{"@type":"ListItem","position":1,"name":"Accueil","item":"http:\/\/www.bru-stars.be\/"},{"@type":"ListItem","position":2,"name":"Programmes","item":"http:\/\/www.bru-stars.be\/programmes-et-offres-de-soins\/"},{"@type":"ListItem","position":3,"name":"Soins psychologiques de premi\u00e8re ligne pour enfants et adolescents 2022-23"}]},{"@type":"WebSite","@id":"http:\/\/www.bru-stars.be\/#website","url":"http:\/\/www.bru-stars.be\/","name":"Bru-Stars","description":"R\u00e9seau bruxellois en sante mentale pour enfants et adolescents \u00b7 Brussels netwerk geestelijke gezondheid voor kinderen en jongeren","publisher":{"@id":"http:\/\/www.bru-stars.be\/#organization"},"potentialAction":[{"@type":"SearchAction","target":{"@type":"EntryPoint","urlTemplate":"http:\/\/www.bru-stars.be\/?s={search_term_string}"},"query-input":"required name=search_term_string"}],"inLanguage":"nl-NL"},{"@type":"Organization","@id":"http:\/\/www.bru-stars.be\/#organization","name":"Bru-Stars","url":"http:\/\/www.bru-stars.be\/","logo":{"@type":"ImageObject","inLanguage":"nl-NL","@id":"http:\/\/www.bru-stars.be\/#\/schema\/logo\/image\/","url":"http:\/\/www.bru-stars.be\/wp-content\/uploads\/2024\/07\/nouveau-logo-brustars.svg","contentUrl":"http:\/\/www.bru-stars.be\/wp-content\/uploads\/2024\/07\/nouveau-logo-brustars.svg","caption":"Bru-Stars"},"image":{"@id":"http:\/\/www.bru-stars.be\/#\/schema\/logo\/image\/"}}]}},"_links":{"self":[{"href":"http:\/\/www.bru-stars.be\/nl\/wp-json\/wp\/v2\/pages\/853"}],"collection":[{"href":"http:\/\/www.bru-stars.be\/nl\/wp-json\/wp\/v2\/pages"}],"about":[{"href":"http:\/\/www.bru-stars.be\/nl\/wp-json\/wp\/v2\/types\/page"}],"author":[{"embeddable":true,"href":"http:\/\/www.bru-stars.be\/nl\/wp-json\/wp\/v2\/users\/2"}],"replies":[{"embeddable":true,"href":"http:\/\/www.bru-stars.be\/nl\/wp-json\/wp\/v2\/comments?post=853"}],"version-history":[{"count":86,"href":"http:\/\/www.bru-stars.be\/nl\/wp-json\/wp\/v2\/pages\/853\/revisions"}],"predecessor-version":[{"id":1202,"href":"http:\/\/www.bru-stars.be\/nl\/wp-json\/wp\/v2\/pages\/853\/revisions\/1202"}],"up":[{"embeddable":true,"href":"http:\/\/www.bru-stars.be\/nl\/wp-json\/wp\/v2\/pages\/43"}],"wp:attachment":[{"href":"http:\/\/www.bru-stars.be\/nl\/wp-json\/wp\/v2\/media?parent=853"}],"curies":[{"name":"wp","href":"https:\/\/api.w.org\/{rel}","templated":true}]}}