{"id":28,"date":"2017-02-22T10:13:54","date_gmt":"2017-02-22T09:13:54","guid":{"rendered":"http:\/\/bru-stars.be\/?page_id=28"},"modified":"2026-04-01T14:14:39","modified_gmt":"2026-04-01T12:14:39","slug":"onthaal","status":"publish","type":"page","link":"https:\/\/www.bru-stars.be\/en\/","title":{"rendered":"Welcome"},"content":{"rendered":"<p><\/p>\n<h3><span style=\"font-size: 24pt; color: #2a2d75;\">Welcome to the Bru-Stars website<\/span><\/h3>\n<p><span style=\"font-size: 14pt; color: #1c2948;\">The Brussels mental health network for children and adolescents created as part of the new mental health policy.<\/span><\/p>","protected":false},"excerpt":{"rendered":"<p>Welcome to the Bru-Stars website The Brussels mental health network for children and adolescents created as part of the new mental health policy.<\/p>\n","protected":false},"author":1,"featured_media":1983,"parent":0,"menu_order":0,"comment_status":"closed","ping_status":"closed","template":"","meta":{"om_disable_all_campaigns":false,"_monsterinsights_skip_tracking":false,"_monsterinsights_sitenote_active":false,"_monsterinsights_sitenote_note":"","_monsterinsights_sitenote_category":0,"_uf_show_specific_survey":0,"_uf_disable_surveys":false,"footnotes":""},"aioseo_notices":[],"yoast_head":"<!-- This site is optimized with the Yoast SEO plugin v21.0 - https:\/\/yoast.com\/wordpress\/plugins\/seo\/ -->\n<title>Welcome - Bru-Stars<\/title>\n<meta name=\"description\" content=\"Bienvenue sur le site de Bru-Stars, le R\u00e9seau Bruxellois en sant\u00e9 mentale pour les enfants et adolescents. D\u00e9couvrez nos programmes de soins\" \/>\n<meta name=\"robots\" content=\"index, follow, max-snippet:-1, max-image-preview:large, max-video-preview:-1\" \/>\n<link rel=\"canonical\" href=\"https:\/\/www.bru-stars.be\/\" \/>\n<meta property=\"og:locale\" content=\"en_US\" \/>\n<meta property=\"og:type\" content=\"article\" \/>\n<meta property=\"og:title\" content=\"Welcome - Bru-Stars\" \/>\n<meta property=\"og:description\" content=\"Bienvenue sur le site de Bru-Stars, le R\u00e9seau Bruxellois en sant\u00e9 mentale pour les enfants et adolescents. D\u00e9couvrez nos programmes de soins\" \/>\n<meta property=\"og:url\" content=\"https:\/\/www.bru-stars.be\/\" \/>\n<meta property=\"og:site_name\" content=\"Bru-Stars\" \/>\n<meta property=\"article:modified_time\" content=\"2026-04-01T12:14:39+00:00\" \/>\n<meta property=\"og:image\" content=\"https:\/\/www.bru-stars.be\/wp-content\/uploads\/2024\/07\/cropped-Banner-Site-Web-2-2.png\" \/>\n\t<meta property=\"og:image:width\" content=\"1920\" \/>\n\t<meta property=\"og:image:height\" content=\"479\" \/>\n\t<meta property=\"og:image:type\" content=\"image\/png\" \/>\n<meta name=\"twitter:card\" content=\"summary_large_image\" \/>\n<meta name=\"twitter:label1\" content=\"Est. reading time\" \/>\n\t<meta name=\"twitter:data1\" content=\"11 minutes\" \/>\n<script type=\"application\/ld+json\" class=\"yoast-schema-graph\">{\"@context\":\"https:\/\/schema.org\",\"@graph\":[{\"@type\":\"WebPage\",\"@id\":\"https:\/\/www.bru-stars.be\/\",\"url\":\"https:\/\/www.bru-stars.be\/\",\"name\":\"Welcome - Bru-Stars\",\"isPartOf\":{\"@id\":\"https:\/\/www.bru-stars.be\/#website\"},\"datePublished\":\"2017-02-22T09:13:54+00:00\",\"dateModified\":\"2026-04-01T12:14:39+00:00\",\"description\":\"Bienvenue sur le site de Bru-Stars, le R\u00e9seau Bruxellois en sant\u00e9 mentale pour les enfants et adolescents. D\u00e9couvrez nos programmes de soins\",\"breadcrumb\":{\"@id\":\"https:\/\/www.bru-stars.be\/#breadcrumb\"},\"inLanguage\":\"en-US\",\"potentialAction\":[{\"@type\":\"ReadAction\",\"target\":[\"https:\/\/www.bru-stars.be\/\"]}]},{\"@type\":\"BreadcrumbList\",\"@id\":\"https:\/\/www.bru-stars.be\/#breadcrumb\",\"itemListElement\":[{\"@type\":\"ListItem\",\"position\":1,\"name\":\"Accueil\",\"item\":\"https:\/\/www.bru-stars.be\/\"},{\"@type\":\"ListItem\",\"position\":2,\"name\":\"Accueil\"}]},{\"@type\":\"WebSite\",\"@id\":\"https:\/\/www.bru-stars.be\/#website\",\"url\":\"https:\/\/www.bru-stars.be\/\",\"name\":\"Bru-Stars\",\"description\":\"R\u00e9seau bruxellois en sante mentale pour enfants et adolescents \u00b7 Brussels netwerk geestelijke gezondheid voor kinderen en jongeren\",\"publisher\":{\"@id\":\"https:\/\/www.bru-stars.be\/#organization\"},\"potentialAction\":[{\"@type\":\"SearchAction\",\"target\":{\"@type\":\"EntryPoint\",\"urlTemplate\":\"https:\/\/www.bru-stars.be\/?s={search_term_string}\"},\"query-input\":\"required name=search_term_string\"}],\"inLanguage\":\"en-US\"},{\"@type\":\"Organization\",\"@id\":\"https:\/\/www.bru-stars.be\/#organization\",\"name\":\"Bru-Stars\",\"url\":\"https:\/\/www.bru-stars.be\/\",\"logo\":{\"@type\":\"ImageObject\",\"inLanguage\":\"en-US\",\"@id\":\"https:\/\/www.bru-stars.be\/#\/schema\/logo\/image\/\",\"url\":\"https:\/\/www.bru-stars.be\/wp-content\/uploads\/2024\/07\/nouveau-logo-brustars.svg\",\"contentUrl\":\"https:\/\/www.bru-stars.be\/wp-content\/uploads\/2024\/07\/nouveau-logo-brustars.svg\",\"caption\":\"Bru-Stars\"},\"image\":{\"@id\":\"https:\/\/www.bru-stars.be\/#\/schema\/logo\/image\/\"}}]}<\/script>\n<!-- \/ Yoast SEO plugin. -->","yoast_head_json":{"title":"Welcome - Bru-Stars","description":"Bienvenue sur le site de Bru-Stars, le R\u00e9seau Bruxellois en sant\u00e9 mentale pour les enfants et adolescents. D\u00e9couvrez nos programmes de soins","robots":{"index":"index","follow":"follow","max-snippet":"max-snippet:-1","max-image-preview":"max-image-preview:large","max-video-preview":"max-video-preview:-1"},"canonical":"https:\/\/www.bru-stars.be\/","og_locale":"en_US","og_type":"article","og_title":"Welcome - Bru-Stars","og_description":"Bienvenue sur le site de Bru-Stars, le R\u00e9seau Bruxellois en sant\u00e9 mentale pour les enfants et adolescents. D\u00e9couvrez nos programmes de soins","og_url":"https:\/\/www.bru-stars.be\/","og_site_name":"Bru-Stars","article_modified_time":"2026-04-01T12:14:39+00:00","og_image":[{"width":1920,"height":479,"url":"https:\/\/www.bru-stars.be\/wp-content\/uploads\/2024\/07\/cropped-Banner-Site-Web-2-2.png","type":"image\/png"}],"twitter_card":"summary_large_image","twitter_misc":{"Est. reading time":"11 minutes"},"schema":{"@context":"https:\/\/schema.org","@graph":[{"@type":"WebPage","@id":"https:\/\/www.bru-stars.be\/","url":"https:\/\/www.bru-stars.be\/","name":"Welcome - Bru-Stars","isPartOf":{"@id":"https:\/\/www.bru-stars.be\/#website"},"datePublished":"2017-02-22T09:13:54+00:00","dateModified":"2026-04-01T12:14:39+00:00","description":"Bienvenue sur le site de Bru-Stars, le R\u00e9seau Bruxellois en sant\u00e9 mentale pour les enfants et adolescents. D\u00e9couvrez nos programmes de soins","breadcrumb":{"@id":"https:\/\/www.bru-stars.be\/#breadcrumb"},"inLanguage":"en-US","potentialAction":[{"@type":"ReadAction","target":["https:\/\/www.bru-stars.be\/"]}]},{"@type":"BreadcrumbList","@id":"https:\/\/www.bru-stars.be\/#breadcrumb","itemListElement":[{"@type":"ListItem","position":1,"name":"Accueil","item":"https:\/\/www.bru-stars.be\/"},{"@type":"ListItem","position":2,"name":"Accueil"}]},{"@type":"WebSite","@id":"https:\/\/www.bru-stars.be\/#website","url":"https:\/\/www.bru-stars.be\/","name":"Bru-Stars","description":"R\u00e9seau bruxellois en sante mentale pour enfants et adolescents \u00b7 Brussels netwerk geestelijke gezondheid voor kinderen en jongeren","publisher":{"@id":"https:\/\/www.bru-stars.be\/#organization"},"potentialAction":[{"@type":"SearchAction","target":{"@type":"EntryPoint","urlTemplate":"https:\/\/www.bru-stars.be\/?s={search_term_string}"},"query-input":"required name=search_term_string"}],"inLanguage":"en-US"},{"@type":"Organization","@id":"https:\/\/www.bru-stars.be\/#organization","name":"Bru-Stars","url":"https:\/\/www.bru-stars.be\/","logo":{"@type":"ImageObject","inLanguage":"en-US","@id":"https:\/\/www.bru-stars.be\/#\/schema\/logo\/image\/","url":"https:\/\/www.bru-stars.be\/wp-content\/uploads\/2024\/07\/nouveau-logo-brustars.svg","contentUrl":"https:\/\/www.bru-stars.be\/wp-content\/uploads\/2024\/07\/nouveau-logo-brustars.svg","caption":"Bru-Stars"},"image":{"@id":"https:\/\/www.bru-stars.be\/#\/schema\/logo\/image\/"}}]}},"_links":{"self":[{"href":"https:\/\/www.bru-stars.be\/en\/wp-json\/wp\/v2\/pages\/28"}],"collection":[{"href":"https:\/\/www.bru-stars.be\/en\/wp-json\/wp\/v2\/pages"}],"about":[{"href":"https:\/\/www.bru-stars.be\/en\/wp-json\/wp\/v2\/types\/page"}],"author":[{"embeddable":true,"href":"https:\/\/www.bru-stars.be\/en\/wp-json\/wp\/v2\/users\/1"}],"replies":[{"embeddable":true,"href":"https:\/\/www.bru-stars.be\/en\/wp-json\/wp\/v2\/comments?post=28"}],"version-history":[{"count":315,"href":"https:\/\/www.bru-stars.be\/en\/wp-json\/wp\/v2\/pages\/28\/revisions"}],"predecessor-version":[{"id":2998,"href":"https:\/\/www.bru-stars.be\/en\/wp-json\/wp\/v2\/pages\/28\/revisions\/2998"}],"wp:featuredmedia":[{"embeddable":true,"href":"https:\/\/www.bru-stars.be\/en\/wp-json\/wp\/v2\/media\/1983"}],"wp:attachment":[{"href":"https:\/\/www.bru-stars.be\/en\/wp-json\/wp\/v2\/media?parent=28"}],"curies":[{"name":"wp","href":"https:\/\/api.w.org\/{rel}","templated":true}]}}