{"id":371,"date":"2019-02-23T12:25:23","date_gmt":"2019-02-23T11:25:23","guid":{"rendered":"http:\/\/www.bru-stars.be\/?page_id=371"},"modified":"2024-08-22T16:28:46","modified_gmt":"2024-08-22T14:28:46","slug":"reseaux-p107-adultes","status":"publish","type":"page","link":"https:\/\/www.bru-stars.be\/en\/reseaux-p107-adultes\/","title":{"rendered":"(Fran\u00e7ais) R\u00e9seaux p107 Adultes"},"content":{"rendered":"<p>Dans chaque province en Belgique un ou plusieurs r\u00e9seaux en sant\u00e9 mentale pour Enfants et Adolescents se sont mis en place.<\/p>\r\n<p>Ci-dessous\u00a0vous retrouvez les noms des r\u00e9seaux et le lien vers leur site-web respectif.<\/p>\r\n<p><img decoding=\"async\" loading=\"lazy\" class=\"aligncenter wp-image-459 size-full lazyload\" data-src=\"http:\/\/www.bru-stars.be\/wp-content\/uploads\/2020\/02\/r\u00e9seau-adultes.png\" alt=\"\" width=\"945\" height=\"796\" data-srcset=\"https:\/\/www.bru-stars.be\/wp-content\/uploads\/2020\/02\/r\u00e9seau-adultes.png 945w, https:\/\/www.bru-stars.be\/wp-content\/uploads\/2020\/02\/r\u00e9seau-adultes-300x253.png 300w, https:\/\/www.bru-stars.be\/wp-content\/uploads\/2020\/02\/r\u00e9seau-adultes-768x647.png 768w\" data-sizes=\"(max-width: 945px) 100vw, 945px\" src=\"data:image\/gif;base64,R0lGODlhAQABAAAAACH5BAEKAAEALAAAAAABAAEAAAICTAEAOw==\" style=\"--smush-placeholder-width: 945px; --smush-placeholder-aspect-ratio: 945\/796;\" \/><noscript><img decoding=\"async\" loading=\"lazy\" class=\"aligncenter wp-image-459 size-full\" src=\"http:\/\/www.bru-stars.be\/wp-content\/uploads\/2020\/02\/r\u00e9seau-adultes.png\" alt=\"\" width=\"945\" height=\"796\" srcset=\"https:\/\/www.bru-stars.be\/wp-content\/uploads\/2020\/02\/r\u00e9seau-adultes.png 945w, https:\/\/www.bru-stars.be\/wp-content\/uploads\/2020\/02\/r\u00e9seau-adultes-300x253.png 300w, https:\/\/www.bru-stars.be\/wp-content\/uploads\/2020\/02\/r\u00e9seau-adultes-768x647.png 768w\" sizes=\"(max-width: 945px) 100vw, 945px\" \/><\/noscript><\/p>\r\n<p>&nbsp;<\/p>\r\n<table width=\"728\">\r\n<tbody>\r\n<tr>\r\n<td width=\"369\">\r\n<p><strong>Flandre<\/strong><\/p>\r\n<\/td>\r\n<td width=\"359\">\r\n<p><strong>Wallonie<\/strong><\/p>\r\n<\/td>\r\n<\/tr>\r\n<tr>\r\n<td width=\"369\">\r\n<p>West-Vlaanderen :<\/p>\r\n<p>\u2022\u00a0\u00a0\u00a0\u00a0\u00a0\u00a0 <strong>Netwerk GGZ Noord-West-Vlaanderen<\/strong>, <a href=\"https:\/\/netwerkggzregionw-vl.be\/\">https:\/\/netwerkggzregionw-vl.be\/<\/a><\/p>\r\n<p>\u2022\u00a0\u00a0\u00a0\u00a0\u00a0\u00a0 <strong>Kwadraat<\/strong> (Netwerk GZ Midden-West-Vlaanderen), <a href=\"http:\/\/www.netwerkkwadraat.be\/\">www.netwerkkwadraat.be<\/a><\/p>\r\n<p>\u2022\u00a0\u00a0\u00a0\u00a0\u00a0\u00a0 <strong>Netwerk GGZ Zuid-West-Vlaanderen<\/strong>, <a href=\"http:\/\/www.psyzuid.be\/\">www.psyzuid.be<\/a><\/p>\r\n<p>Oost-Vlaanderen :<\/p>\r\n<p>\u2022\u00a0\u00a0\u00a0\u00a0\u00a0\u00a0 <strong>Het PAKT<\/strong>, <a href=\"http:\/\/www.pakt.be\/\">www.pakt.be<\/a><\/p>\r\n<p>\u2022\u00a0\u00a0\u00a0\u00a0\u00a0\u00a0 <strong>Netwerk GGZ ADS<\/strong>, <a href=\"http:\/\/www.ggzads.be\/\">www.ggzads.be<\/a><\/p>\r\n<p>Antwerpen :<\/p>\r\n<p>\u2022\u00a0\u00a0\u00a0\u00a0\u00a0\u00a0 <strong>SaRA<\/strong>, <a href=\"http:\/\/www.netwerksara.be\/\">www.netwerksara.be<\/a><\/p>\r\n<p>\u2022\u00a0\u00a0\u00a0\u00a0\u00a0\u00a0 <strong>Emergo<\/strong>, <a href=\"http:\/\/www.netwerkemergo.be\/\">www.netwerkemergo.be<\/a><\/p>\r\n<p>\u2022\u00a0\u00a0\u00a0\u00a0\u00a0\u00a0 <strong>Netwerk GGZ Kempen<\/strong>, <a href=\"http:\/\/www.ggzkempen.be\/\">www.ggzkempen.be<\/a><\/p>\r\n<p>&nbsp;<\/p>\r\n<p>Limburg :<\/p>\r\n<p>\u2022\u00a0\u00a0\u00a0\u00a0\u00a0\u00a0 <strong>Reling<\/strong>, <a href=\"http:\/\/www.reling.be\/\">www.reling.be<\/a><\/p>\r\n<p>\u2022\u00a0\u00a0\u00a0\u00a0\u00a0\u00a0 <strong>Noolim<\/strong>, <a href=\"http:\/\/www.noolim.net\/\">www.noolim.net<\/a><\/p>\r\n<p>&nbsp;<\/p>\r\n<p>Vlaams-Brabant :<\/p>\r\n<p>\u2022\u00a0\u00a0\u00a0\u00a0\u00a0\u00a0 <strong>SaVHA<\/strong>, <a href=\"http:\/\/www.savha.be\/\">www.savha.be<\/a> \u00a0<\/p>\r\n<p>\u2022\u00a0\u00a0\u00a0\u00a0\u00a0\u00a0 <strong>Diletti<\/strong>, \u00a0 <a href=\"http:\/\/www.diletti.be\/\">www.diletti.be<\/a><\/p>\r\n<\/td>\r\n<td width=\"359\">\r\n<p>Brabant Wallon : <strong>Constellation<\/strong>, <a href=\"http:\/\/www.constellation-bw.be\/\">www.constellation-bw.be<\/a><\/p>\r\n<p>&nbsp;<\/p>\r\n<p>Hainaut :<\/p>\r\n<p>\u2022\u00a0\u00a0\u00a0\u00a0\u00a0\u00a0 <strong>R\u00e9seau de la R\u00e9gion du Hainaut<\/strong>, <a href=\"http:\/\/www.rh107.be\/\">www.rh107.be<\/a><\/p>\r\n<p>\u2022\u00a0\u00a0\u00a0\u00a0\u00a0\u00a0 <strong>R\u00e9seau Sant\u00e9 Mentale Occidentale, <\/strong><a href=\"http:\/\/reseauho.be\/\">http:\/\/reseauho.be\/<\/a><\/p>\r\n<p>\u2022\u00a0\u00a0\u00a0\u00a0\u00a0\u00a0 <strong>R\u00e9seau Mosa\u00efque, <\/strong><a href=\"http:\/\/www.reseaumosaique.be\/\">www.reseaumosaique.be<\/a><\/p>\r\n<p>&nbsp;<\/p>\r\n<p>Namur : <strong>R\u00e9seau Sant\u00e9 Namur<\/strong>, <a href=\"http:\/\/www.reseausantenamur.be\/\">www.reseausantenamur.be<\/a><\/p>\r\n<p>&nbsp;<\/p>\r\n<p>Li\u00e8ge :<\/p>\r\n<p>\u2022\u00a0\u00a0\u00a0\u00a0\u00a0\u00a0 <strong>Fusion Li\u00e8ge, <\/strong><a href=\"http:\/\/www.psy107liege.be\/\">www.psy107liege.be<\/a><\/p>\r\n<p>\u2022\u00a0\u00a0\u00a0\u00a0\u00a0\u00a0 <strong>R\u00e9SME, R\u00e9seau Sant\u00e9 Mentale de l\u2019Est<\/strong> <a href=\"http:\/\/www.cpfa.be\/site\/r_seau_de_sant_mentale_de_l_est-267-999-339.html\">www.cpfa.be\/site\/r_seau_de_sant_mentale_de_l_est-267-999-339.html<\/a><\/p>\r\n<p>&nbsp;<\/p>\r\n<p>Luxembourg : <strong>ProxiR\u00e9Lux<\/strong><strong>, <\/strong><a href=\"http:\/\/www.reseau-proxirelux.be\/\">www.reseau-proxirelux.be<\/a><\/p>\r\n<\/td>\r\n<\/tr>\r\n<\/tbody>\r\n<\/table>\r\n<p><br \/>Bruxelles : Pas encore de nom pour le r\u00e9seau <a href=\"http:\/\/www.107bru.be\/\">www.107bru.be\/<\/a> Il y a 4 antennes :<\/p>\r\n<ul>\r\n<li>Norwest<\/li>\r\n<li>Bruxelles-Est,<\/li>\r\n<li>HERMESplus, <a href=\"https:\/\/hermesplus.be\/\">hermesplus.be<\/a><\/li>\r\n<li>R\u00e9zone, <a href=\"https:\/\/www.rezone.be\/\">https:\/\/www.rezone.be\/<\/a><\/li>\r\n<\/ul>","protected":false},"excerpt":{"rendered":"<p>Sorry, this entry is only available in French and Dutch.<\/p>\n","protected":false},"author":2,"featured_media":2202,"parent":0,"menu_order":0,"comment_status":"closed","ping_status":"closed","template":"","meta":{"om_disable_all_campaigns":false,"_monsterinsights_skip_tracking":false,"_monsterinsights_sitenote_active":false,"_monsterinsights_sitenote_note":"","_monsterinsights_sitenote_category":0,"_uf_show_specific_survey":0,"_uf_disable_surveys":false,"footnotes":""},"aioseo_notices":[],"yoast_head":"<!-- This site is optimized with the Yoast SEO plugin v21.0 - https:\/\/yoast.com\/wordpress\/plugins\/seo\/ -->\n<title>(Fran\u00e7ais) R\u00e9seaux p107 Adultes - Bru-Stars<\/title>\n<meta name=\"robots\" content=\"index, follow, max-snippet:-1, max-image-preview:large, max-video-preview:-1\" \/>\n<link rel=\"canonical\" href=\"http:\/\/www.bru-stars.be\/nl\/reseaux-p107-adultes\/\" \/>\n<meta property=\"og:locale\" content=\"en_US\" \/>\n<meta property=\"og:type\" content=\"article\" \/>\n<meta property=\"og:title\" content=\"(Fran\u00e7ais) R\u00e9seaux p107 Adultes - Bru-Stars\" \/>\n<meta property=\"og:description\" content=\"Sorry, this entry is only available in French and Dutch.\" \/>\n<meta property=\"og:url\" content=\"http:\/\/www.bru-stars.be\/nl\/reseaux-p107-adultes\/\" \/>\n<meta property=\"og:site_name\" content=\"Bru-Stars\" \/>\n<meta property=\"article:modified_time\" content=\"2024-08-22T14:28:46+00:00\" \/>\n<meta property=\"og:image\" content=\"http:\/\/www.bru-stars.be\/wp-content\/uploads\/2024\/08\/Banner-Site-Web-10.png\" \/>\n\t<meta property=\"og:image:width\" content=\"4950\" \/>\n\t<meta property=\"og:image:height\" content=\"1238\" \/>\n\t<meta property=\"og:image:type\" content=\"image\/png\" \/>\n<meta name=\"twitter:card\" content=\"summary_large_image\" \/>\n<meta name=\"twitter:label1\" content=\"Est. reading time\" \/>\n\t<meta name=\"twitter:data1\" content=\"3 minutes\" \/>\n<script type=\"application\/ld+json\" class=\"yoast-schema-graph\">{\"@context\":\"https:\/\/schema.org\",\"@graph\":[{\"@type\":\"WebPage\",\"@id\":\"http:\/\/www.bru-stars.be\/nl\/reseaux-p107-adultes\/\",\"url\":\"http:\/\/www.bru-stars.be\/nl\/reseaux-p107-adultes\/\",\"name\":\"(Fran\u00e7ais) R\u00e9seaux p107 Adultes - Bru-Stars\",\"isPartOf\":{\"@id\":\"https:\/\/www.bru-stars.be\/#website\"},\"datePublished\":\"2019-02-23T11:25:23+00:00\",\"dateModified\":\"2024-08-22T14:28:46+00:00\",\"breadcrumb\":{\"@id\":\"http:\/\/www.bru-stars.be\/nl\/reseaux-p107-adultes\/#breadcrumb\"},\"inLanguage\":\"en-US\",\"potentialAction\":[{\"@type\":\"ReadAction\",\"target\":[\"http:\/\/www.bru-stars.be\/nl\/reseaux-p107-adultes\/\"]}]},{\"@type\":\"BreadcrumbList\",\"@id\":\"http:\/\/www.bru-stars.be\/nl\/reseaux-p107-adultes\/#breadcrumb\",\"itemListElement\":[{\"@type\":\"ListItem\",\"position\":1,\"name\":\"Accueil\",\"item\":\"https:\/\/www.bru-stars.be\/\"},{\"@type\":\"ListItem\",\"position\":2,\"name\":\"Netwerken p107 voor Volwassenen\"}]},{\"@type\":\"WebSite\",\"@id\":\"https:\/\/www.bru-stars.be\/#website\",\"url\":\"https:\/\/www.bru-stars.be\/\",\"name\":\"Bru-Stars\",\"description\":\"R\u00e9seau bruxellois en sante mentale pour enfants et adolescents \u00b7 Brussels netwerk geestelijke gezondheid voor kinderen en jongeren\",\"publisher\":{\"@id\":\"https:\/\/www.bru-stars.be\/#organization\"},\"potentialAction\":[{\"@type\":\"SearchAction\",\"target\":{\"@type\":\"EntryPoint\",\"urlTemplate\":\"https:\/\/www.bru-stars.be\/?s={search_term_string}\"},\"query-input\":\"required name=search_term_string\"}],\"inLanguage\":\"en-US\"},{\"@type\":\"Organization\",\"@id\":\"https:\/\/www.bru-stars.be\/#organization\",\"name\":\"Bru-Stars\",\"url\":\"https:\/\/www.bru-stars.be\/\",\"logo\":{\"@type\":\"ImageObject\",\"inLanguage\":\"en-US\",\"@id\":\"https:\/\/www.bru-stars.be\/#\/schema\/logo\/image\/\",\"url\":\"https:\/\/www.bru-stars.be\/wp-content\/uploads\/2024\/07\/nouveau-logo-brustars.svg\",\"contentUrl\":\"https:\/\/www.bru-stars.be\/wp-content\/uploads\/2024\/07\/nouveau-logo-brustars.svg\",\"caption\":\"Bru-Stars\"},\"image\":{\"@id\":\"https:\/\/www.bru-stars.be\/#\/schema\/logo\/image\/\"}}]}<\/script>\n<!-- \/ Yoast SEO plugin. -->","yoast_head_json":{"title":"(Fran\u00e7ais) R\u00e9seaux p107 Adultes - Bru-Stars","robots":{"index":"index","follow":"follow","max-snippet":"max-snippet:-1","max-image-preview":"max-image-preview:large","max-video-preview":"max-video-preview:-1"},"canonical":"http:\/\/www.bru-stars.be\/nl\/reseaux-p107-adultes\/","og_locale":"en_US","og_type":"article","og_title":"(Fran\u00e7ais) R\u00e9seaux p107 Adultes - Bru-Stars","og_description":"Sorry, this entry is only available in French and Dutch.","og_url":"http:\/\/www.bru-stars.be\/nl\/reseaux-p107-adultes\/","og_site_name":"Bru-Stars","article_modified_time":"2024-08-22T14:28:46+00:00","og_image":[{"width":4950,"height":1238,"url":"http:\/\/www.bru-stars.be\/wp-content\/uploads\/2024\/08\/Banner-Site-Web-10.png","type":"image\/png"}],"twitter_card":"summary_large_image","twitter_misc":{"Est. reading time":"3 minutes"},"schema":{"@context":"https:\/\/schema.org","@graph":[{"@type":"WebPage","@id":"http:\/\/www.bru-stars.be\/nl\/reseaux-p107-adultes\/","url":"http:\/\/www.bru-stars.be\/nl\/reseaux-p107-adultes\/","name":"(Fran\u00e7ais) R\u00e9seaux p107 Adultes - Bru-Stars","isPartOf":{"@id":"https:\/\/www.bru-stars.be\/#website"},"datePublished":"2019-02-23T11:25:23+00:00","dateModified":"2024-08-22T14:28:46+00:00","breadcrumb":{"@id":"http:\/\/www.bru-stars.be\/nl\/reseaux-p107-adultes\/#breadcrumb"},"inLanguage":"en-US","potentialAction":[{"@type":"ReadAction","target":["http:\/\/www.bru-stars.be\/nl\/reseaux-p107-adultes\/"]}]},{"@type":"BreadcrumbList","@id":"http:\/\/www.bru-stars.be\/nl\/reseaux-p107-adultes\/#breadcrumb","itemListElement":[{"@type":"ListItem","position":1,"name":"Accueil","item":"https:\/\/www.bru-stars.be\/"},{"@type":"ListItem","position":2,"name":"Netwerken p107 voor Volwassenen"}]},{"@type":"WebSite","@id":"https:\/\/www.bru-stars.be\/#website","url":"https:\/\/www.bru-stars.be\/","name":"Bru-Stars","description":"R\u00e9seau bruxellois en sante mentale pour enfants et adolescents \u00b7 Brussels netwerk geestelijke gezondheid voor kinderen en jongeren","publisher":{"@id":"https:\/\/www.bru-stars.be\/#organization"},"potentialAction":[{"@type":"SearchAction","target":{"@type":"EntryPoint","urlTemplate":"https:\/\/www.bru-stars.be\/?s={search_term_string}"},"query-input":"required name=search_term_string"}],"inLanguage":"en-US"},{"@type":"Organization","@id":"https:\/\/www.bru-stars.be\/#organization","name":"Bru-Stars","url":"https:\/\/www.bru-stars.be\/","logo":{"@type":"ImageObject","inLanguage":"en-US","@id":"https:\/\/www.bru-stars.be\/#\/schema\/logo\/image\/","url":"https:\/\/www.bru-stars.be\/wp-content\/uploads\/2024\/07\/nouveau-logo-brustars.svg","contentUrl":"https:\/\/www.bru-stars.be\/wp-content\/uploads\/2024\/07\/nouveau-logo-brustars.svg","caption":"Bru-Stars"},"image":{"@id":"https:\/\/www.bru-stars.be\/#\/schema\/logo\/image\/"}}]}},"_links":{"self":[{"href":"https:\/\/www.bru-stars.be\/en\/wp-json\/wp\/v2\/pages\/371"}],"collection":[{"href":"https:\/\/www.bru-stars.be\/en\/wp-json\/wp\/v2\/pages"}],"about":[{"href":"https:\/\/www.bru-stars.be\/en\/wp-json\/wp\/v2\/types\/page"}],"author":[{"embeddable":true,"href":"https:\/\/www.bru-stars.be\/en\/wp-json\/wp\/v2\/users\/2"}],"replies":[{"embeddable":true,"href":"https:\/\/www.bru-stars.be\/en\/wp-json\/wp\/v2\/comments?post=371"}],"version-history":[{"count":16,"href":"https:\/\/www.bru-stars.be\/en\/wp-json\/wp\/v2\/pages\/371\/revisions"}],"predecessor-version":[{"id":2180,"href":"https:\/\/www.bru-stars.be\/en\/wp-json\/wp\/v2\/pages\/371\/revisions\/2180"}],"wp:featuredmedia":[{"embeddable":true,"href":"https:\/\/www.bru-stars.be\/en\/wp-json\/wp\/v2\/media\/2202"}],"wp:attachment":[{"href":"https:\/\/www.bru-stars.be\/en\/wp-json\/wp\/v2\/media?parent=371"}],"curies":[{"name":"wp","href":"https:\/\/api.w.org\/{rel}","templated":true}]}}