{"id":523,"date":"2020-02-08T19:53:47","date_gmt":"2020-02-08T18:53:47","guid":{"rendered":"http:\/\/www.bru-stars.be\/?page_id=523"},"modified":"2023-11-03T10:02:08","modified_gmt":"2023-11-03T09:02:08","slug":"outreach-sante-mentale","status":"publish","type":"page","link":"https:\/\/www.bru-stars.be\/en\/programmes-et-offres-de-soins\/outreach-sante-mentale\/","title":{"rendered":"Outreach Sant\u00e9 mentale"},"content":{"rendered":"<p>Ce programme est d\u00e9velopp\u00e9 en collaboration avec le CGG Brussel.<\/p>\r\n<p>Avec le programme\u00a0\u00ab\u00a0Outreach sant\u00e9 mental\u00a0\u00bb nous soutenons des services r\u00e9sidentiels n\u00e9erlandophones en aide \u00e0 la jeunesse et handicap \u00e0 Bruxelles via une offre de soins en sant\u00e9 mentale sp\u00e9cialis\u00e9e (des consultations et des diagnostics) afin de leurs permettre de mieux r\u00e9pondre aux multiples demandes des enfants et adolescents qu\u2019ils accueillent.<\/p>\r\n<p>Ce programme est actuellement en cours d\u2019op\u00e9rationnalisation. Les budgets \u00e9tants limit\u00e9s cette offre est pour le moment seulement disponible pour les services r\u00e9sidentiels n\u00e9erlandophones en aide \u00e0 la jeunesse et handicap.<\/p>\r\n<p><strong>Personne de contact\u00a0:<\/strong><\/p>\r\n<ul>\r\n<li>Astrid De Gimbe, <a href=\"mailto:astrid.degimbe@cgg-brussel.be\">astrid.degimbe@cgg-brussel.be<\/a><\/li>\r\n<li>Demandes via 02\/511.06.60 (secr\u00e9tariat) et demander aupr\u00e8s de Astrid De Gimbe<\/li>\r\n<\/ul>\r\n<p>&nbsp;<\/p>\r\n<p><strong>Plus d\u2019informations\u00a0: <\/strong><\/p>\r\n<p>Ce programme est financ\u00e9 par l\u2019Agentschap Jongerenwelzijn du Gouvernement Flamand et \u00e9galement disponible dans tous les r\u00e9seaux enfants et adolescents en Flandre.<\/p>","protected":false},"excerpt":{"rendered":"<p>Ce programme est d\u00e9velopp\u00e9 en collaboration avec le CGG Brussel. Avec le programme\u00a0\u00ab\u00a0Outreach sant\u00e9 mental\u00a0\u00bb nous soutenons des services r\u00e9sidentiels n\u00e9erlandophones en aide \u00e0 la jeunesse et handicap \u00e0 Bruxelles<a href=\"https:\/\/www.bru-stars.be\/en\/programmes-et-offres-de-soins\/outreach-sante-mentale\/\" class=\"more-link\">Read More <span class=\"screen-reader-text\">Outreach Sant\u00e9 mentale<\/span><\/a><\/p>\n","protected":false},"author":2,"featured_media":0,"parent":43,"menu_order":0,"comment_status":"closed","ping_status":"closed","template":"","meta":{"om_disable_all_campaigns":false,"_monsterinsights_skip_tracking":false,"_monsterinsights_sitenote_active":false,"_monsterinsights_sitenote_note":"","_monsterinsights_sitenote_category":0,"_uf_show_specific_survey":0,"_uf_disable_surveys":false,"footnotes":""},"aioseo_notices":[],"yoast_head":"<!-- This site is optimized with the Yoast SEO plugin v21.0 - https:\/\/yoast.com\/wordpress\/plugins\/seo\/ -->\n<title>Outreach Sant\u00e9 mentale - Bru-Stars<\/title>\n<meta name=\"robots\" content=\"index, follow, max-snippet:-1, max-image-preview:large, max-video-preview:-1\" \/>\n<link rel=\"canonical\" href=\"http:\/\/www.bru-stars.be\/nl\/programmes-et-offres-de-soins\/outreach-sante-mentale\/\" \/>\n<meta property=\"og:locale\" content=\"en_US\" \/>\n<meta property=\"og:type\" content=\"article\" \/>\n<meta property=\"og:title\" content=\"Outreach Sant\u00e9 mentale - Bru-Stars\" \/>\n<meta property=\"og:description\" content=\"Ce programme est d\u00e9velopp\u00e9 en collaboration avec le CGG Brussel. Avec le programme\u00a0\u00ab\u00a0Outreach sant\u00e9 mental\u00a0\u00bb nous soutenons des services r\u00e9sidentiels n\u00e9erlandophones en aide \u00e0 la jeunesse et handicap \u00e0 BruxellesRead More Outreach Sant\u00e9 mentale\" \/>\n<meta property=\"og:url\" content=\"http:\/\/www.bru-stars.be\/nl\/programmes-et-offres-de-soins\/outreach-sante-mentale\/\" \/>\n<meta property=\"og:site_name\" content=\"Bru-Stars\" \/>\n<meta property=\"article:modified_time\" content=\"2023-11-03T09:02:08+00:00\" \/>\n<meta name=\"twitter:card\" content=\"summary_large_image\" \/>\n<meta name=\"twitter:label1\" content=\"Est. reading time\" \/>\n\t<meta name=\"twitter:data1\" content=\"1 minute\" \/>\n<script type=\"application\/ld+json\" class=\"yoast-schema-graph\">{\"@context\":\"https:\/\/schema.org\",\"@graph\":[{\"@type\":\"WebPage\",\"@id\":\"http:\/\/www.bru-stars.be\/nl\/programmes-et-offres-de-soins\/outreach-sante-mentale\/\",\"url\":\"http:\/\/www.bru-stars.be\/nl\/programmes-et-offres-de-soins\/outreach-sante-mentale\/\",\"name\":\"Outreach Sant\u00e9 mentale - Bru-Stars\",\"isPartOf\":{\"@id\":\"https:\/\/www.bru-stars.be\/#website\"},\"datePublished\":\"2020-02-08T18:53:47+00:00\",\"dateModified\":\"2023-11-03T09:02:08+00:00\",\"breadcrumb\":{\"@id\":\"http:\/\/www.bru-stars.be\/nl\/programmes-et-offres-de-soins\/outreach-sante-mentale\/#breadcrumb\"},\"inLanguage\":\"en-US\",\"potentialAction\":[{\"@type\":\"ReadAction\",\"target\":[\"http:\/\/www.bru-stars.be\/nl\/programmes-et-offres-de-soins\/outreach-sante-mentale\/\"]}]},{\"@type\":\"BreadcrumbList\",\"@id\":\"http:\/\/www.bru-stars.be\/nl\/programmes-et-offres-de-soins\/outreach-sante-mentale\/#breadcrumb\",\"itemListElement\":[{\"@type\":\"ListItem\",\"position\":1,\"name\":\"Accueil\",\"item\":\"https:\/\/www.bru-stars.be\/\"},{\"@type\":\"ListItem\",\"position\":2,\"name\":\"Programmes\",\"item\":\"http:\/\/www.bru-stars.be\/programmes-et-offres-de-soins\/\"},{\"@type\":\"ListItem\",\"position\":3,\"name\":\"Outreach Geestelijke Gezondheid\"}]},{\"@type\":\"WebSite\",\"@id\":\"https:\/\/www.bru-stars.be\/#website\",\"url\":\"https:\/\/www.bru-stars.be\/\",\"name\":\"Bru-Stars\",\"description\":\"R\u00e9seau bruxellois en sante mentale pour enfants et adolescents \u00b7 Brussels netwerk geestelijke gezondheid voor kinderen en jongeren\",\"publisher\":{\"@id\":\"https:\/\/www.bru-stars.be\/#organization\"},\"potentialAction\":[{\"@type\":\"SearchAction\",\"target\":{\"@type\":\"EntryPoint\",\"urlTemplate\":\"https:\/\/www.bru-stars.be\/?s={search_term_string}\"},\"query-input\":\"required name=search_term_string\"}],\"inLanguage\":\"en-US\"},{\"@type\":\"Organization\",\"@id\":\"https:\/\/www.bru-stars.be\/#organization\",\"name\":\"Bru-Stars\",\"url\":\"https:\/\/www.bru-stars.be\/\",\"logo\":{\"@type\":\"ImageObject\",\"inLanguage\":\"en-US\",\"@id\":\"https:\/\/www.bru-stars.be\/#\/schema\/logo\/image\/\",\"url\":\"https:\/\/www.bru-stars.be\/wp-content\/uploads\/2024\/07\/nouveau-logo-brustars.svg\",\"contentUrl\":\"https:\/\/www.bru-stars.be\/wp-content\/uploads\/2024\/07\/nouveau-logo-brustars.svg\",\"caption\":\"Bru-Stars\"},\"image\":{\"@id\":\"https:\/\/www.bru-stars.be\/#\/schema\/logo\/image\/\"}}]}<\/script>\n<!-- \/ Yoast SEO plugin. -->","yoast_head_json":{"title":"Outreach Sant\u00e9 mentale - Bru-Stars","robots":{"index":"index","follow":"follow","max-snippet":"max-snippet:-1","max-image-preview":"max-image-preview:large","max-video-preview":"max-video-preview:-1"},"canonical":"http:\/\/www.bru-stars.be\/nl\/programmes-et-offres-de-soins\/outreach-sante-mentale\/","og_locale":"en_US","og_type":"article","og_title":"Outreach Sant\u00e9 mentale - Bru-Stars","og_description":"Ce programme est d\u00e9velopp\u00e9 en collaboration avec le CGG Brussel. Avec le programme\u00a0\u00ab\u00a0Outreach sant\u00e9 mental\u00a0\u00bb nous soutenons des services r\u00e9sidentiels n\u00e9erlandophones en aide \u00e0 la jeunesse et handicap \u00e0 BruxellesRead More Outreach Sant\u00e9 mentale","og_url":"http:\/\/www.bru-stars.be\/nl\/programmes-et-offres-de-soins\/outreach-sante-mentale\/","og_site_name":"Bru-Stars","article_modified_time":"2023-11-03T09:02:08+00:00","twitter_card":"summary_large_image","twitter_misc":{"Est. reading time":"1 minute"},"schema":{"@context":"https:\/\/schema.org","@graph":[{"@type":"WebPage","@id":"http:\/\/www.bru-stars.be\/nl\/programmes-et-offres-de-soins\/outreach-sante-mentale\/","url":"http:\/\/www.bru-stars.be\/nl\/programmes-et-offres-de-soins\/outreach-sante-mentale\/","name":"Outreach Sant\u00e9 mentale - Bru-Stars","isPartOf":{"@id":"https:\/\/www.bru-stars.be\/#website"},"datePublished":"2020-02-08T18:53:47+00:00","dateModified":"2023-11-03T09:02:08+00:00","breadcrumb":{"@id":"http:\/\/www.bru-stars.be\/nl\/programmes-et-offres-de-soins\/outreach-sante-mentale\/#breadcrumb"},"inLanguage":"en-US","potentialAction":[{"@type":"ReadAction","target":["http:\/\/www.bru-stars.be\/nl\/programmes-et-offres-de-soins\/outreach-sante-mentale\/"]}]},{"@type":"BreadcrumbList","@id":"http:\/\/www.bru-stars.be\/nl\/programmes-et-offres-de-soins\/outreach-sante-mentale\/#breadcrumb","itemListElement":[{"@type":"ListItem","position":1,"name":"Accueil","item":"https:\/\/www.bru-stars.be\/"},{"@type":"ListItem","position":2,"name":"Programmes","item":"http:\/\/www.bru-stars.be\/programmes-et-offres-de-soins\/"},{"@type":"ListItem","position":3,"name":"Outreach Geestelijke Gezondheid"}]},{"@type":"WebSite","@id":"https:\/\/www.bru-stars.be\/#website","url":"https:\/\/www.bru-stars.be\/","name":"Bru-Stars","description":"R\u00e9seau bruxellois en sante mentale pour enfants et adolescents \u00b7 Brussels netwerk geestelijke gezondheid voor kinderen en jongeren","publisher":{"@id":"https:\/\/www.bru-stars.be\/#organization"},"potentialAction":[{"@type":"SearchAction","target":{"@type":"EntryPoint","urlTemplate":"https:\/\/www.bru-stars.be\/?s={search_term_string}"},"query-input":"required name=search_term_string"}],"inLanguage":"en-US"},{"@type":"Organization","@id":"https:\/\/www.bru-stars.be\/#organization","name":"Bru-Stars","url":"https:\/\/www.bru-stars.be\/","logo":{"@type":"ImageObject","inLanguage":"en-US","@id":"https:\/\/www.bru-stars.be\/#\/schema\/logo\/image\/","url":"https:\/\/www.bru-stars.be\/wp-content\/uploads\/2024\/07\/nouveau-logo-brustars.svg","contentUrl":"https:\/\/www.bru-stars.be\/wp-content\/uploads\/2024\/07\/nouveau-logo-brustars.svg","caption":"Bru-Stars"},"image":{"@id":"https:\/\/www.bru-stars.be\/#\/schema\/logo\/image\/"}}]}},"_links":{"self":[{"href":"https:\/\/www.bru-stars.be\/en\/wp-json\/wp\/v2\/pages\/523"}],"collection":[{"href":"https:\/\/www.bru-stars.be\/en\/wp-json\/wp\/v2\/pages"}],"about":[{"href":"https:\/\/www.bru-stars.be\/en\/wp-json\/wp\/v2\/types\/page"}],"author":[{"embeddable":true,"href":"https:\/\/www.bru-stars.be\/en\/wp-json\/wp\/v2\/users\/2"}],"replies":[{"embeddable":true,"href":"https:\/\/www.bru-stars.be\/en\/wp-json\/wp\/v2\/comments?post=523"}],"version-history":[{"count":6,"href":"https:\/\/www.bru-stars.be\/en\/wp-json\/wp\/v2\/pages\/523\/revisions"}],"predecessor-version":[{"id":1274,"href":"https:\/\/www.bru-stars.be\/en\/wp-json\/wp\/v2\/pages\/523\/revisions\/1274"}],"up":[{"embeddable":true,"href":"https:\/\/www.bru-stars.be\/en\/wp-json\/wp\/v2\/pages\/43"}],"wp:attachment":[{"href":"https:\/\/www.bru-stars.be\/en\/wp-json\/wp\/v2\/media?parent=523"}],"curies":[{"name":"wp","href":"https:\/\/api.w.org\/{rel}","templated":true}]}}