{"id":237,"date":"2018-09-13T20:29:49","date_gmt":"2018-09-13T18:29:49","guid":{"rendered":"http:\/\/www.bru-stars.be\/?page_id=237"},"modified":"2024-08-23T06:36:04","modified_gmt":"2024-08-23T04:36:04","slug":"uitvoerend-netwerkcomite-unc","status":"publish","type":"page","link":"https:\/\/www.bru-stars.be\/nl\/le-reseau-bru-stars-historique\/organisatiestructuur-bru-stars\/uitvoerend-netwerkcomite-unc\/","title":{"rendered":"Uitvoerend Netwerkcomit\u00e9 (UNC)"},"content":{"rendered":"<p>Het Uitvoerend Netwerkcomit\u00e9 &#8211; hierna UNC genoemd &#8211; is het beslissend orgaan van het netwerk. Het is samengesteld uit vertegenwoordigers van sectoren die betrokken zijn bij de implementatie van het nieuwe geestelijke gezondheidsbeleid voor kinderen en jongeren in het Brussels Hoofdstedelijk Gewest. Ondermeer de uitvoering en aanpassing van de netwerkovereenkomst, het globaal actieplan, de goedkeuring van het budget en betreffende rekeningen behoren tot de bevoegdheden van de leden van het UNC.<\/p>\r\n<h5><u>Missies<\/u><\/h5>\r\n<p>De missies en taken van het UNC en haar leden worden als volgt gedefinieerd:\u00a0<\/p>\r\n<ul>\r\n<li>\u00ab\u00a0Visie \u00bb\u00a0:\r\n<ul>\r\n<li>Dynamiser le r\u00e9seau et d\u00e9velopper une vision du r\u00e9seau\u00a0;<\/li>\r\n<li>Soutient et encourage la participation des usagers et proches.<\/li>\r\n<\/ul>\r\n<\/li>\r\n<li>\u00ab\u00a0Strategie\u00a0\u00bb\u00a0:\r\n<ul>\r\n<li>R\u00e9diger un Plan d\u2019action global dont les \u00e9l\u00e9ments de base sont d\u00e9crits dans le Guide\u00a0;<\/li>\r\n<li>Etablir et valider le cahier des charges des am\u00e9nagements qualitatifs et besoins pour la R\u00e9gion de Bruxelles-Capitale\u00a0;<\/li>\r\n<li>Approuver et suivre l\u2019impl\u00e9mentation d\u2019un plan strat\u00e9gique, en ce compris les indicateurs d\u2019\u00e9valuation\u00a0;<\/li>\r\n<li>D\u00e9finir les priorit\u00e9s d\u2019action et valider le r\u00e9troplanning\u00a0;<\/li>\r\n<li>Obtenir des accords de principe de nouveaux partenaires.<\/li>\r\n<\/ul>\r\n<\/li>\r\n<li>\u00ab Netwerkorganisatie \u00bb\u00a0:\r\n<ul>\r\n<li>Proposer l\u2019affectation de nouveaux moyens \u00e9ventuels, en regard des besoins de la R\u00e9gion de Bruxelles-Capitale, dans le but de garantir une continuit\u00e9 des soins\u00a0;<\/li>\r\n<li>Etablir une charte de respect mutuel\u00a0;<\/li>\r\n<li>Valider le budget \u00e9tabli par le Comit\u00e9 d\u2019Accompagnement Technique et Employeurs\u00a0;<\/li>\r\n<li>Soutenir le d\u00e9veloppement d&#8217;accords entre les membres\u00a0;<\/li>\r\n<li>G\u00e9rer les entretiens d\u2019engagement ou en d\u00e9l\u00e9guer la gestion.<\/li>\r\n<\/ul>\r\n<\/li>\r\n<li>\u00ab Klinische operationalisering \u00bb\u00a0:\r\n<ul>\r\n<li>Soutenir le d\u00e9veloppement d\u2019une offre de soins selon les 5 fonctions d\u00e9crites dans le \u00ab\u00a0<em>Guide vers une nouvelle politique en sant\u00e9 mentale pour enfants et adolescents\u00a0\u00bb\u00a0<\/em>;<\/li>\r\n<li>Initier, valider et d\u00e9finir des groupes th\u00e9matiques\u00a0;<\/li>\r\n<li>Valider les programmes de soins et les documents \u00e0 adresser aux autorit\u00e9s\u00a0;<\/li>\r\n<li>D\u00e9velopper des outils au service de la coordination clinique\u00a0;<\/li>\r\n<li>Participer et encourager les collaborateurs de leur institution et \u00e9quipe \u00e0 participer aux groupes de travail du r\u00e9seau Bru-Stars.<\/li>\r\n<\/ul>\r\n<\/li>\r\n<li>\u00ab\u00a0Evaluatie \u00bb\u00a0:\r\n<ul>\r\n<li>Evaluer et s\u2019auto\u00e9valuer (mettre en place un comit\u00e9 de r\u00e9flexion sur l\u2019impact de la nouvelle politique sur la clinique et un autre avec les autorit\u00e9s politiques comp\u00e9tentes).<\/li>\r\n<\/ul>\r\n<\/li>\r\n<li>\u00ab\u00a0Communicatie \u00bb\u00a0:\r\n<ul>\r\n<li>Transmettre les informations\u00a0: circulation de l\u2019information au sein des \u00e9quipes et des (nouveaux) partenariats\u00a0;<\/li>\r\n<li>Mobiliser de nouveaux partenaires\u00a0;<\/li>\r\n<li>Diffuser la nouvelle politique et la philosophie du r\u00e9seau\u00a0;<\/li>\r\n<li>Valider les outils de communication (site, blog, Facebook, logo etc.)\u00a0;<\/li>\r\n<li>Rendre visible les intentions, la vision, la strat\u00e9gie et les changements au sein du r\u00e9seau<\/li>\r\n<\/ul>\r\n<\/li>\r\n<\/ul>\r\n<h5><u>Samenstelling<\/u><\/h5>\r\n<p>Het UNC is samengesteld uit <strong>27 effectieve leden<\/strong> <strong>(met elk een plaatsvervanger), 9 per sector<\/strong> (\u00ab GGZ \u00bb\u00a0; \u00abGezondheid en sociaal \u00bb\u00a0; \u00ab\u00a0Samenleving \u00bb).<\/p>\r\n<p>De volgende samenstelling wordt voorgesteld:\u00a0<\/p>\r\n<table width=\"803\">\r\n<tbody>\r\n<tr>\r\n<td><strong>9 actoren &#8220;GGZ&#8221;<\/strong><\/td>\r\n<td><strong>9 actoren &#8220;<\/strong><strong>Gezondheid en sociaal (welzijn)&#8221; \u00a0<\/strong><\/td>\r\n<td>\r\n<h3>9 <strong>actoren &#8220;<\/strong>Samenleving&#8221;<\/h3>\r\n<\/td>\r\n<\/tr>\r\n<tr>\r\n<td>\r\n<ul>\r\n<li>4 ziekenhuizen<\/li>\r\n<li>4 CGG: voorstel: 1 NL, 1 bicommunautair, 2 FR<\/li>\r\n<li>Het OPGG<\/li>\r\n<\/ul>\r\n<\/td>\r\n<td>\r\n<ul>\r\n<li>ONE<\/li>\r\n<li>FAMGB \/ BHAK (huisarts en wijkgezondheidscentrum)<\/li>\r\n<li>CAW<\/li>\r\n<li>Huis voor Gezondheid<\/li>\r\n<li>CLB<\/li>\r\n<li>PMS<\/li>\r\n<li>Handicap<\/li>\r\n<li>Centrum voor familieplanning<\/li>\r\n<li>Pediaters<\/li>\r\n<\/ul>\r\n<\/td>\r\n<td>\r\n<ul>\r\n<li>VK<\/li>\r\n<li>SOS Enfant<\/li>\r\n<li>SAJ<\/li>\r\n<li>DGDE<\/li>\r\n<li>Onderwijs<\/li>\r\n<li>AMO<\/li>\r\n<li>Gebruikers en Naasten<\/li>\r\n<li>SPJ<\/li>\r\n<li>Jeugdrechtbank<\/li>\r\n<li>Rechters<\/li>\r\n<li>Politie &#8211; Parket (NL\/FR)<\/li>\r\n<li>Jeugdbewegingen\/ jeudhuizen<\/li>\r\n<li>Sport<\/li>\r\n<li>Vrijetijd<\/li>\r\n<\/ul>\r\n<\/td>\r\n<\/tr>\r\n<tr>\r\n<td colspan=\"3\">Een van de netwerkartsen en de netwerkco\u00f6rdinatie nemen eveneens deel aan het UNC.\r\n<p>Permanente en punctuele genodigden zijn mogelijk.\u00a0<\/p>\r\n<\/td>\r\n<\/tr>\r\n<\/tbody>\r\n<\/table>\r\n<p><b>Momenteel maken de volgende diensten deel uit van het UNC van het netwerk Bru-Stars. Aarzel niet om contact op te nemen met de netwerkco\u00f6rdinatie indien u lid wenst te worden van het UNC.\u00a0<\/b><\/p>\r\n<p><strong>Effectieve leden<\/strong><\/p>\r\n<p><img decoding=\"async\" loading=\"lazy\" class=\"size-full wp-image-462 aligncenter lazyload\" data-src=\"http:\/\/www.bru-stars.be\/wp-content\/uploads\/2020\/02\/Membres-CRE-effectifs.png\" alt=\"\" width=\"958\" height=\"545\" data-srcset=\"https:\/\/www.bru-stars.be\/wp-content\/uploads\/2020\/02\/Membres-CRE-effectifs.png 958w, https:\/\/www.bru-stars.be\/wp-content\/uploads\/2020\/02\/Membres-CRE-effectifs-300x171.png 300w, https:\/\/www.bru-stars.be\/wp-content\/uploads\/2020\/02\/Membres-CRE-effectifs-768x437.png 768w\" data-sizes=\"(max-width: 958px) 100vw, 958px\" src=\"data:image\/gif;base64,R0lGODlhAQABAAAAACH5BAEKAAEALAAAAAABAAEAAAICTAEAOw==\" style=\"--smush-placeholder-width: 958px; --smush-placeholder-aspect-ratio: 958\/545;\" \/><noscript><img decoding=\"async\" loading=\"lazy\" class=\"size-full wp-image-462 aligncenter\" src=\"http:\/\/www.bru-stars.be\/wp-content\/uploads\/2020\/02\/Membres-CRE-effectifs.png\" alt=\"\" width=\"958\" height=\"545\" srcset=\"https:\/\/www.bru-stars.be\/wp-content\/uploads\/2020\/02\/Membres-CRE-effectifs.png 958w, https:\/\/www.bru-stars.be\/wp-content\/uploads\/2020\/02\/Membres-CRE-effectifs-300x171.png 300w, https:\/\/www.bru-stars.be\/wp-content\/uploads\/2020\/02\/Membres-CRE-effectifs-768x437.png 768w\" sizes=\"(max-width: 958px) 100vw, 958px\" \/><\/noscript><\/p>\r\n<p><strong>Plaatsvervangende leden<\/strong><\/p>\r\n<p><img decoding=\"async\" loading=\"lazy\" class=\"size-full wp-image-463 aligncenter lazyload\" data-src=\"http:\/\/www.bru-stars.be\/wp-content\/uploads\/2020\/02\/Membres-CRE-suppl\u00e9ants.png\" alt=\"\" width=\"1201\" height=\"668\" data-srcset=\"https:\/\/www.bru-stars.be\/wp-content\/uploads\/2020\/02\/Membres-CRE-suppl\u00e9ants.png 1201w, https:\/\/www.bru-stars.be\/wp-content\/uploads\/2020\/02\/Membres-CRE-suppl\u00e9ants-300x167.png 300w, https:\/\/www.bru-stars.be\/wp-content\/uploads\/2020\/02\/Membres-CRE-suppl\u00e9ants-1024x570.png 1024w, https:\/\/www.bru-stars.be\/wp-content\/uploads\/2020\/02\/Membres-CRE-suppl\u00e9ants-768x427.png 768w\" data-sizes=\"(max-width: 1201px) 100vw, 1201px\" src=\"data:image\/gif;base64,R0lGODlhAQABAAAAACH5BAEKAAEALAAAAAABAAEAAAICTAEAOw==\" style=\"--smush-placeholder-width: 1201px; --smush-placeholder-aspect-ratio: 1201\/668;\" \/><noscript><img decoding=\"async\" loading=\"lazy\" class=\"size-full wp-image-463 aligncenter\" src=\"http:\/\/www.bru-stars.be\/wp-content\/uploads\/2020\/02\/Membres-CRE-suppl\u00e9ants.png\" alt=\"\" width=\"1201\" height=\"668\" srcset=\"https:\/\/www.bru-stars.be\/wp-content\/uploads\/2020\/02\/Membres-CRE-suppl\u00e9ants.png 1201w, https:\/\/www.bru-stars.be\/wp-content\/uploads\/2020\/02\/Membres-CRE-suppl\u00e9ants-300x167.png 300w, https:\/\/www.bru-stars.be\/wp-content\/uploads\/2020\/02\/Membres-CRE-suppl\u00e9ants-1024x570.png 1024w, https:\/\/www.bru-stars.be\/wp-content\/uploads\/2020\/02\/Membres-CRE-suppl\u00e9ants-768x427.png 768w\" sizes=\"(max-width: 1201px) 100vw, 1201px\" \/><\/noscript><\/p>","protected":false},"excerpt":{"rendered":"<p>Het Uitvoerend Netwerkcomit\u00e9 &#8211; hierna UNC genoemd &#8211; is het beslissend orgaan van het netwerk. Het is samengesteld uit vertegenwoordigers van sectoren die betrokken zijn bij de implementatie van het<a href=\"https:\/\/www.bru-stars.be\/nl\/le-reseau-bru-stars-historique\/organisatiestructuur-bru-stars\/uitvoerend-netwerkcomite-unc\/\" class=\"more-link\">Read More <span class=\"screen-reader-text\">Uitvoerend Netwerkcomit\u00e9 (UNC)<\/span><\/a><\/p>\n","protected":false},"author":2,"featured_media":2202,"parent":218,"menu_order":0,"comment_status":"closed","ping_status":"closed","template":"","meta":{"om_disable_all_campaigns":false,"_monsterinsights_skip_tracking":false,"_monsterinsights_sitenote_active":false,"_monsterinsights_sitenote_note":"","_monsterinsights_sitenote_category":0,"_uf_show_specific_survey":0,"_uf_disable_surveys":false,"footnotes":""},"aioseo_notices":[],"yoast_head":"<!-- This site is optimized with the Yoast SEO plugin v21.0 - https:\/\/yoast.com\/wordpress\/plugins\/seo\/ -->\n<title>Uitvoerend Netwerkcomit\u00e9 (UNC) - Bru-Stars<\/title>\n<meta name=\"robots\" content=\"index, follow, max-snippet:-1, max-image-preview:large, max-video-preview:-1\" \/>\n<link rel=\"canonical\" href=\"https:\/\/www.bru-stars.be\/nl\/le-reseau-bru-stars-historique\/organisatiestructuur-bru-stars\/uitvoerend-netwerkcomite-unc\/\" \/>\n<meta property=\"og:locale\" content=\"nl_NL\" \/>\n<meta property=\"og:type\" content=\"article\" \/>\n<meta property=\"og:title\" content=\"Uitvoerend Netwerkcomit\u00e9 (UNC) - Bru-Stars\" \/>\n<meta property=\"og:description\" content=\"Het Uitvoerend Netwerkcomit\u00e9 &#8211; hierna UNC genoemd &#8211; is het beslissend orgaan van het netwerk. Het is samengesteld uit vertegenwoordigers van sectoren die betrokken zijn bij de implementatie van hetRead More Uitvoerend Netwerkcomit\u00e9 (UNC)\" \/>\n<meta property=\"og:url\" content=\"https:\/\/www.bru-stars.be\/nl\/le-reseau-bru-stars-historique\/organisatiestructuur-bru-stars\/uitvoerend-netwerkcomite-unc\/\" \/>\n<meta property=\"og:site_name\" content=\"Bru-Stars\" \/>\n<meta property=\"article:modified_time\" content=\"2024-08-23T04:36:04+00:00\" \/>\n<meta property=\"og:image\" content=\"https:\/\/www.bru-stars.be\/wp-content\/uploads\/2024\/08\/Banner-Site-Web-10.png\" \/>\n\t<meta property=\"og:image:width\" content=\"4950\" \/>\n\t<meta property=\"og:image:height\" content=\"1238\" \/>\n\t<meta property=\"og:image:type\" content=\"image\/png\" \/>\n<meta name=\"twitter:card\" content=\"summary_large_image\" \/>\n<meta name=\"twitter:label1\" content=\"Geschatte leestijd\" \/>\n\t<meta name=\"twitter:data1\" content=\"7 minuten\" \/>\n<script type=\"application\/ld+json\" class=\"yoast-schema-graph\">{\"@context\":\"https:\/\/schema.org\",\"@graph\":[{\"@type\":\"WebPage\",\"@id\":\"https:\/\/www.bru-stars.be\/nl\/le-reseau-bru-stars-historique\/organisatiestructuur-bru-stars\/uitvoerend-netwerkcomite-unc\/\",\"url\":\"https:\/\/www.bru-stars.be\/nl\/le-reseau-bru-stars-historique\/organisatiestructuur-bru-stars\/uitvoerend-netwerkcomite-unc\/\",\"name\":\"Uitvoerend Netwerkcomit\u00e9 (UNC) - Bru-Stars\",\"isPartOf\":{\"@id\":\"https:\/\/www.bru-stars.be\/#website\"},\"datePublished\":\"2018-09-13T18:29:49+00:00\",\"dateModified\":\"2024-08-23T04:36:04+00:00\",\"breadcrumb\":{\"@id\":\"https:\/\/www.bru-stars.be\/nl\/le-reseau-bru-stars-historique\/organisatiestructuur-bru-stars\/uitvoerend-netwerkcomite-unc\/#breadcrumb\"},\"inLanguage\":\"nl-NL\",\"potentialAction\":[{\"@type\":\"ReadAction\",\"target\":[\"https:\/\/www.bru-stars.be\/nl\/le-reseau-bru-stars-historique\/organisatiestructuur-bru-stars\/uitvoerend-netwerkcomite-unc\/\"]}]},{\"@type\":\"BreadcrumbList\",\"@id\":\"https:\/\/www.bru-stars.be\/nl\/le-reseau-bru-stars-historique\/organisatiestructuur-bru-stars\/uitvoerend-netwerkcomite-unc\/#breadcrumb\",\"itemListElement\":[{\"@type\":\"ListItem\",\"position\":1,\"name\":\"Accueil\",\"item\":\"https:\/\/www.bru-stars.be\/\"},{\"@type\":\"ListItem\",\"position\":2,\"name\":\"Netwerk Bru-Stars\",\"item\":\"http:\/\/www.bru-stars.be\/nl\/le-reseau-bru-stars-historique\/\"},{\"@type\":\"ListItem\",\"position\":3,\"name\":\"Structure organisationnelle\",\"item\":\"https:\/\/www.bru-stars.be\/le-reseau-bru-stars-historique\/organisatiestructuur-bru-stars\/\"},{\"@type\":\"ListItem\",\"position\":4,\"name\":\"Uitvoerend Netwerkcomit\u00e9 (UNC)\"}]},{\"@type\":\"WebSite\",\"@id\":\"https:\/\/www.bru-stars.be\/#website\",\"url\":\"https:\/\/www.bru-stars.be\/\",\"name\":\"Bru-Stars\",\"description\":\"R\u00e9seau bruxellois en sante mentale pour enfants et adolescents \u00b7 Brussels netwerk geestelijke gezondheid voor kinderen en jongeren\",\"publisher\":{\"@id\":\"https:\/\/www.bru-stars.be\/#organization\"},\"potentialAction\":[{\"@type\":\"SearchAction\",\"target\":{\"@type\":\"EntryPoint\",\"urlTemplate\":\"https:\/\/www.bru-stars.be\/?s={search_term_string}\"},\"query-input\":\"required name=search_term_string\"}],\"inLanguage\":\"nl-NL\"},{\"@type\":\"Organization\",\"@id\":\"https:\/\/www.bru-stars.be\/#organization\",\"name\":\"Bru-Stars\",\"url\":\"https:\/\/www.bru-stars.be\/\",\"logo\":{\"@type\":\"ImageObject\",\"inLanguage\":\"nl-NL\",\"@id\":\"https:\/\/www.bru-stars.be\/#\/schema\/logo\/image\/\",\"url\":\"https:\/\/www.bru-stars.be\/wp-content\/uploads\/2024\/07\/nouveau-logo-brustars.svg\",\"contentUrl\":\"https:\/\/www.bru-stars.be\/wp-content\/uploads\/2024\/07\/nouveau-logo-brustars.svg\",\"caption\":\"Bru-Stars\"},\"image\":{\"@id\":\"https:\/\/www.bru-stars.be\/#\/schema\/logo\/image\/\"}}]}<\/script>\n<!-- \/ Yoast SEO plugin. -->","yoast_head_json":{"title":"Uitvoerend Netwerkcomit\u00e9 (UNC) - Bru-Stars","robots":{"index":"index","follow":"follow","max-snippet":"max-snippet:-1","max-image-preview":"max-image-preview:large","max-video-preview":"max-video-preview:-1"},"canonical":"https:\/\/www.bru-stars.be\/nl\/le-reseau-bru-stars-historique\/organisatiestructuur-bru-stars\/uitvoerend-netwerkcomite-unc\/","og_locale":"nl_NL","og_type":"article","og_title":"Uitvoerend Netwerkcomit\u00e9 (UNC) - Bru-Stars","og_description":"Het Uitvoerend Netwerkcomit\u00e9 &#8211; hierna UNC genoemd &#8211; is het beslissend orgaan van het netwerk. Het is samengesteld uit vertegenwoordigers van sectoren die betrokken zijn bij de implementatie van hetRead More Uitvoerend Netwerkcomit\u00e9 (UNC)","og_url":"https:\/\/www.bru-stars.be\/nl\/le-reseau-bru-stars-historique\/organisatiestructuur-bru-stars\/uitvoerend-netwerkcomite-unc\/","og_site_name":"Bru-Stars","article_modified_time":"2024-08-23T04:36:04+00:00","og_image":[{"width":4950,"height":1238,"url":"https:\/\/www.bru-stars.be\/wp-content\/uploads\/2024\/08\/Banner-Site-Web-10.png","type":"image\/png"}],"twitter_card":"summary_large_image","twitter_misc":{"Geschatte leestijd":"7 minuten"},"schema":{"@context":"https:\/\/schema.org","@graph":[{"@type":"WebPage","@id":"https:\/\/www.bru-stars.be\/nl\/le-reseau-bru-stars-historique\/organisatiestructuur-bru-stars\/uitvoerend-netwerkcomite-unc\/","url":"https:\/\/www.bru-stars.be\/nl\/le-reseau-bru-stars-historique\/organisatiestructuur-bru-stars\/uitvoerend-netwerkcomite-unc\/","name":"Uitvoerend Netwerkcomit\u00e9 (UNC) - Bru-Stars","isPartOf":{"@id":"https:\/\/www.bru-stars.be\/#website"},"datePublished":"2018-09-13T18:29:49+00:00","dateModified":"2024-08-23T04:36:04+00:00","breadcrumb":{"@id":"https:\/\/www.bru-stars.be\/nl\/le-reseau-bru-stars-historique\/organisatiestructuur-bru-stars\/uitvoerend-netwerkcomite-unc\/#breadcrumb"},"inLanguage":"nl-NL","potentialAction":[{"@type":"ReadAction","target":["https:\/\/www.bru-stars.be\/nl\/le-reseau-bru-stars-historique\/organisatiestructuur-bru-stars\/uitvoerend-netwerkcomite-unc\/"]}]},{"@type":"BreadcrumbList","@id":"https:\/\/www.bru-stars.be\/nl\/le-reseau-bru-stars-historique\/organisatiestructuur-bru-stars\/uitvoerend-netwerkcomite-unc\/#breadcrumb","itemListElement":[{"@type":"ListItem","position":1,"name":"Accueil","item":"https:\/\/www.bru-stars.be\/"},{"@type":"ListItem","position":2,"name":"Netwerk Bru-Stars","item":"http:\/\/www.bru-stars.be\/nl\/le-reseau-bru-stars-historique\/"},{"@type":"ListItem","position":3,"name":"Structure organisationnelle","item":"https:\/\/www.bru-stars.be\/le-reseau-bru-stars-historique\/organisatiestructuur-bru-stars\/"},{"@type":"ListItem","position":4,"name":"Uitvoerend Netwerkcomit\u00e9 (UNC)"}]},{"@type":"WebSite","@id":"https:\/\/www.bru-stars.be\/#website","url":"https:\/\/www.bru-stars.be\/","name":"Bru-Stars","description":"R\u00e9seau bruxellois en sante mentale pour enfants et adolescents \u00b7 Brussels netwerk geestelijke gezondheid voor kinderen en jongeren","publisher":{"@id":"https:\/\/www.bru-stars.be\/#organization"},"potentialAction":[{"@type":"SearchAction","target":{"@type":"EntryPoint","urlTemplate":"https:\/\/www.bru-stars.be\/?s={search_term_string}"},"query-input":"required name=search_term_string"}],"inLanguage":"nl-NL"},{"@type":"Organization","@id":"https:\/\/www.bru-stars.be\/#organization","name":"Bru-Stars","url":"https:\/\/www.bru-stars.be\/","logo":{"@type":"ImageObject","inLanguage":"nl-NL","@id":"https:\/\/www.bru-stars.be\/#\/schema\/logo\/image\/","url":"https:\/\/www.bru-stars.be\/wp-content\/uploads\/2024\/07\/nouveau-logo-brustars.svg","contentUrl":"https:\/\/www.bru-stars.be\/wp-content\/uploads\/2024\/07\/nouveau-logo-brustars.svg","caption":"Bru-Stars"},"image":{"@id":"https:\/\/www.bru-stars.be\/#\/schema\/logo\/image\/"}}]}},"_links":{"self":[{"href":"https:\/\/www.bru-stars.be\/nl\/wp-json\/wp\/v2\/pages\/237"}],"collection":[{"href":"https:\/\/www.bru-stars.be\/nl\/wp-json\/wp\/v2\/pages"}],"about":[{"href":"https:\/\/www.bru-stars.be\/nl\/wp-json\/wp\/v2\/types\/page"}],"author":[{"embeddable":true,"href":"https:\/\/www.bru-stars.be\/nl\/wp-json\/wp\/v2\/users\/2"}],"replies":[{"embeddable":true,"href":"https:\/\/www.bru-stars.be\/nl\/wp-json\/wp\/v2\/comments?post=237"}],"version-history":[{"count":8,"href":"https:\/\/www.bru-stars.be\/nl\/wp-json\/wp\/v2\/pages\/237\/revisions"}],"predecessor-version":[{"id":2207,"href":"https:\/\/www.bru-stars.be\/nl\/wp-json\/wp\/v2\/pages\/237\/revisions\/2207"}],"up":[{"embeddable":true,"href":"https:\/\/www.bru-stars.be\/nl\/wp-json\/wp\/v2\/pages\/218"}],"wp:featuredmedia":[{"embeddable":true,"href":"https:\/\/www.bru-stars.be\/nl\/wp-json\/wp\/v2\/media\/2202"}],"wp:attachment":[{"href":"https:\/\/www.bru-stars.be\/nl\/wp-json\/wp\/v2\/media?parent=237"}],"curies":[{"name":"wp","href":"https:\/\/api.w.org\/{rel}","templated":true}]}}