{"id":288,"date":"2018-09-16T08:44:22","date_gmt":"2018-09-16T06:44:22","guid":{"rendered":"http:\/\/www.bru-stars.be\/?page_id=288"},"modified":"2025-05-19T11:49:36","modified_gmt":"2025-05-19T09:49:36","slug":"postes-transversaux","status":"publish","type":"page","link":"https:\/\/www.bru-stars.be\/nl\/le-reseau-bru-stars-historique\/organisatiestructuur-bru-stars\/postes-transversaux\/","title":{"rendered":"Transversale functies"},"content":{"rendered":"<p><strong><u>De netwerkco\u00f6rdinator<\/u><\/strong><\/p>\n<p>De missie van de netwerkco\u00f6rdinatie bestaat uit het faciliteren, het cre\u00ebren en het beheren van een operationeel netwerk geestelijke gezondheid voor kinderen en jongeren. Deze missie kadert in het nieuwe beleid voor kinderen en jongeren en is rechtstreeks gelinkt aan de co\u00f6rdinatie van dit nieuwe beleid door de federale overheid, de gemeenschappen en de gewesten.<\/p>\n<p>De netwerkco\u00f6rdinatie wordt door alle betrokken partners aangeduid voor het netwerk dat de volledige provincie omvat.<\/p>\n<p>De netwerkco\u00f6rdinatie is ge\u00efntegreerd. Dit betekent enerzijds dat de netwerkco\u00f6rdinatie betrekking heeft op alle relevante partners, organisaties, \u2026 die zich richten naar kinderen en jongeren van 0 tot 18 jaar met psychische of psychiatrische stoornissen en hun context in de provincie. Daarbij wordt specifieke aandacht besteed aan jongeren in de scharnierleeftijdsfase van 16 tot 23 jaar.<\/p>\n<p>Bij de opstart van het netwerk in juni 2015, werden 2.4 VTE netwerkco\u00f6rdinatie aangeworven. Vanaf oktober 2017 zijn we op zoek naar 1 ETP netwerkco\u00f6rdinator. De contracten van de co\u00f6rdinatoren zijn gehuisvest in het Overlegplatform Geestelijke Gezondheidszorg Brussel-Hoofdstad.<\/p>\n<p>Het netwerk\u00a0Bru-Stars heeft 1 VTE netwerkco\u00f6rdinatie aangeworven :<\/p>\n<ul>\n<li>Kathleen Coppens, <a href=\"mailto:k.coppens@bru-stars.be\">k.coppens@bru-stars.be<\/a>, 0474\/42.60.77<\/li>\n<\/ul>\n<p><strong><u>De netwerkarts <\/u><\/strong><\/p>\n<p>De verantwoordelijke arts stuurt de uitoefening van de basisopdrachten of functies in de verschillende programma\u2019s aan en kan daarnaast ook klinische activiteiten uitvoeren. In de programma\u2019s crisiszorg langdurige zorg is hij of zij verantwoordelijk voor de werking van het team dat instaat voor de mobiele crisiszorg en de mobiele langdurige zorg. In het kader van het programma Crosslink heeft de arts een eerder superviserende rol. De netwerkpsychiaters kunnen eveneens deelnemen aan de evaluaties van het programma en wijzigingen, thema\u2019s, sprekers, enz. voorstellend op basis van de casussen waarmee ze in de praktijk binnen het mobiel team geconfronteerd worden.<\/p>\n<p>Samen met de netwerkco\u00f6rdinatie gaat de verantwoordelijke arts na op welke manier programma\u2019s kunnen bijgestuurd worden teneinde beter te beantwoorden aan de noden van kinderen en jongeren met psychische of psychiatrische problemen en hun context, en welke rol de verantwoordelijke arts hierin zal spelen.<\/p>\n<p>De eigenlijke organisatie en co\u00f6rdinatie van overleg is de exclusieve verantwoordelijkheid van de netwerkco\u00f6rdinatie.<\/p>\n<p>De netwerkartsen hebben zowel klinische als transversale taken en leiden de mobiele teams (crisis en care) van Bru-Stars die multidisciplinair, bi- (en meer-)talig en regionaal georganiseerd zijn.<\/p>\n<p>Momenteel zijn onze netwerkartsen :<\/p>\n<ul style=\"list-style-type: disc;\">\n<li><strong>Dr. Johanna Bardot<\/strong> (Ge\u00efntegreerde permanentie &amp; Dubbeldiagnose)<\/li>\n<li><strong>Dr. Carine De Buck<\/strong> (MT\u00ab specifieke \u00bbjustiti\u00eble situaties)<\/li>\n<li><strong>Dr. Anne Fran\u00e7ois<\/strong> (MT 12-15 jaar)<\/li>\n<li><strong>Dr Sophie Maes<\/strong> (MT 16-23 jaar)<\/li>\n<li><strong>Dr. Marc Mertens<\/strong> (Tweetalig MT)<\/li>\n<li><strong>Dr. Elise Metens<\/strong> (Ge\u00efntegreerde permanentie &amp; MAST)<\/li>\n<li><strong>Dr. Karim Odr<\/strong> (MT 0-11 jaar)<\/li>\n<\/ul>\n<p><\/p>","protected":false},"excerpt":{"rendered":"<p>De netwerkco\u00f6rdinator De missie van de netwerkco\u00f6rdinatie bestaat uit het faciliteren, het cre\u00ebren en het beheren van een operationeel netwerk geestelijke gezondheid voor kinderen en jongeren. Deze missie kadert in<a href=\"https:\/\/www.bru-stars.be\/nl\/le-reseau-bru-stars-historique\/organisatiestructuur-bru-stars\/postes-transversaux\/\" class=\"more-link\">Read More <span class=\"screen-reader-text\">Transversale functies<\/span><\/a><\/p>\n","protected":false},"author":2,"featured_media":2202,"parent":218,"menu_order":0,"comment_status":"closed","ping_status":"closed","template":"","meta":{"om_disable_all_campaigns":false,"_monsterinsights_skip_tracking":false,"_monsterinsights_sitenote_active":false,"_monsterinsights_sitenote_note":"","_monsterinsights_sitenote_category":0,"_uf_show_specific_survey":0,"_uf_disable_surveys":false,"footnotes":""},"aioseo_notices":[],"yoast_head":"<!-- This site is optimized with the Yoast SEO plugin v21.0 - https:\/\/yoast.com\/wordpress\/plugins\/seo\/ -->\n<title>Transversale functies - Bru-Stars<\/title>\n<meta name=\"robots\" content=\"index, follow, max-snippet:-1, max-image-preview:large, max-video-preview:-1\" \/>\n<link rel=\"canonical\" href=\"https:\/\/www.bru-stars.be\/en\/le-reseau-bru-stars-historique\/organisatiestructuur-bru-stars\/postes-transversaux\/\" \/>\n<meta property=\"og:locale\" content=\"nl_NL\" \/>\n<meta property=\"og:type\" content=\"article\" \/>\n<meta property=\"og:title\" content=\"Transversale functies - Bru-Stars\" \/>\n<meta property=\"og:description\" content=\"De netwerkco\u00f6rdinator De missie van de netwerkco\u00f6rdinatie bestaat uit het faciliteren, het cre\u00ebren en het beheren van een operationeel netwerk geestelijke gezondheid voor kinderen en jongeren. Deze missie kadert inRead More Transversale functies\" \/>\n<meta property=\"og:url\" content=\"https:\/\/www.bru-stars.be\/en\/le-reseau-bru-stars-historique\/organisatiestructuur-bru-stars\/postes-transversaux\/\" \/>\n<meta property=\"og:site_name\" content=\"Bru-Stars\" \/>\n<meta property=\"article:modified_time\" content=\"2025-05-19T09:49:36+00:00\" \/>\n<meta property=\"og:image\" content=\"https:\/\/www.bru-stars.be\/wp-content\/uploads\/2024\/08\/Banner-Site-Web-10.png\" \/>\n\t<meta property=\"og:image:width\" content=\"4950\" \/>\n\t<meta property=\"og:image:height\" content=\"1238\" \/>\n\t<meta property=\"og:image:type\" content=\"image\/png\" \/>\n<meta name=\"twitter:card\" content=\"summary_large_image\" \/>\n<meta name=\"twitter:label1\" content=\"Geschatte leestijd\" \/>\n\t<meta name=\"twitter:data1\" content=\"3 minuten\" \/>\n<script type=\"application\/ld+json\" class=\"yoast-schema-graph\">{\"@context\":\"https:\/\/schema.org\",\"@graph\":[{\"@type\":\"WebPage\",\"@id\":\"https:\/\/www.bru-stars.be\/en\/le-reseau-bru-stars-historique\/organisatiestructuur-bru-stars\/postes-transversaux\/\",\"url\":\"https:\/\/www.bru-stars.be\/en\/le-reseau-bru-stars-historique\/organisatiestructuur-bru-stars\/postes-transversaux\/\",\"name\":\"Transversale functies - Bru-Stars\",\"isPartOf\":{\"@id\":\"https:\/\/www.bru-stars.be\/#website\"},\"datePublished\":\"2018-09-16T06:44:22+00:00\",\"dateModified\":\"2025-05-19T09:49:36+00:00\",\"breadcrumb\":{\"@id\":\"https:\/\/www.bru-stars.be\/en\/le-reseau-bru-stars-historique\/organisatiestructuur-bru-stars\/postes-transversaux\/#breadcrumb\"},\"inLanguage\":\"nl-NL\",\"potentialAction\":[{\"@type\":\"ReadAction\",\"target\":[\"https:\/\/www.bru-stars.be\/en\/le-reseau-bru-stars-historique\/organisatiestructuur-bru-stars\/postes-transversaux\/\"]}]},{\"@type\":\"BreadcrumbList\",\"@id\":\"https:\/\/www.bru-stars.be\/en\/le-reseau-bru-stars-historique\/organisatiestructuur-bru-stars\/postes-transversaux\/#breadcrumb\",\"itemListElement\":[{\"@type\":\"ListItem\",\"position\":1,\"name\":\"Accueil\",\"item\":\"https:\/\/www.bru-stars.be\/\"},{\"@type\":\"ListItem\",\"position\":2,\"name\":\"Netwerk Bru-Stars\",\"item\":\"http:\/\/www.bru-stars.be\/nl\/le-reseau-bru-stars-historique\/\"},{\"@type\":\"ListItem\",\"position\":3,\"name\":\"Structure organisationnelle\",\"item\":\"https:\/\/www.bru-stars.be\/le-reseau-bru-stars-historique\/organisatiestructuur-bru-stars\/\"},{\"@type\":\"ListItem\",\"position\":4,\"name\":\"(Fran\u00e7ais) Fonctions transversales\"}]},{\"@type\":\"WebSite\",\"@id\":\"https:\/\/www.bru-stars.be\/#website\",\"url\":\"https:\/\/www.bru-stars.be\/\",\"name\":\"Bru-Stars\",\"description\":\"R\u00e9seau bruxellois en sante mentale pour enfants et adolescents \u00b7 Brussels netwerk geestelijke gezondheid voor kinderen en jongeren\",\"publisher\":{\"@id\":\"https:\/\/www.bru-stars.be\/#organization\"},\"potentialAction\":[{\"@type\":\"SearchAction\",\"target\":{\"@type\":\"EntryPoint\",\"urlTemplate\":\"https:\/\/www.bru-stars.be\/?s={search_term_string}\"},\"query-input\":\"required name=search_term_string\"}],\"inLanguage\":\"nl-NL\"},{\"@type\":\"Organization\",\"@id\":\"https:\/\/www.bru-stars.be\/#organization\",\"name\":\"Bru-Stars\",\"url\":\"https:\/\/www.bru-stars.be\/\",\"logo\":{\"@type\":\"ImageObject\",\"inLanguage\":\"nl-NL\",\"@id\":\"https:\/\/www.bru-stars.be\/#\/schema\/logo\/image\/\",\"url\":\"https:\/\/www.bru-stars.be\/wp-content\/uploads\/2024\/07\/nouveau-logo-brustars.svg\",\"contentUrl\":\"https:\/\/www.bru-stars.be\/wp-content\/uploads\/2024\/07\/nouveau-logo-brustars.svg\",\"caption\":\"Bru-Stars\"},\"image\":{\"@id\":\"https:\/\/www.bru-stars.be\/#\/schema\/logo\/image\/\"}}]}<\/script>\n<!-- \/ Yoast SEO plugin. -->","yoast_head_json":{"title":"Transversale functies - Bru-Stars","robots":{"index":"index","follow":"follow","max-snippet":"max-snippet:-1","max-image-preview":"max-image-preview:large","max-video-preview":"max-video-preview:-1"},"canonical":"https:\/\/www.bru-stars.be\/en\/le-reseau-bru-stars-historique\/organisatiestructuur-bru-stars\/postes-transversaux\/","og_locale":"nl_NL","og_type":"article","og_title":"Transversale functies - Bru-Stars","og_description":"De netwerkco\u00f6rdinator De missie van de netwerkco\u00f6rdinatie bestaat uit het faciliteren, het cre\u00ebren en het beheren van een operationeel netwerk geestelijke gezondheid voor kinderen en jongeren. Deze missie kadert inRead More Transversale functies","og_url":"https:\/\/www.bru-stars.be\/en\/le-reseau-bru-stars-historique\/organisatiestructuur-bru-stars\/postes-transversaux\/","og_site_name":"Bru-Stars","article_modified_time":"2025-05-19T09:49:36+00:00","og_image":[{"width":4950,"height":1238,"url":"https:\/\/www.bru-stars.be\/wp-content\/uploads\/2024\/08\/Banner-Site-Web-10.png","type":"image\/png"}],"twitter_card":"summary_large_image","twitter_misc":{"Geschatte leestijd":"3 minuten"},"schema":{"@context":"https:\/\/schema.org","@graph":[{"@type":"WebPage","@id":"https:\/\/www.bru-stars.be\/en\/le-reseau-bru-stars-historique\/organisatiestructuur-bru-stars\/postes-transversaux\/","url":"https:\/\/www.bru-stars.be\/en\/le-reseau-bru-stars-historique\/organisatiestructuur-bru-stars\/postes-transversaux\/","name":"Transversale functies - Bru-Stars","isPartOf":{"@id":"https:\/\/www.bru-stars.be\/#website"},"datePublished":"2018-09-16T06:44:22+00:00","dateModified":"2025-05-19T09:49:36+00:00","breadcrumb":{"@id":"https:\/\/www.bru-stars.be\/en\/le-reseau-bru-stars-historique\/organisatiestructuur-bru-stars\/postes-transversaux\/#breadcrumb"},"inLanguage":"nl-NL","potentialAction":[{"@type":"ReadAction","target":["https:\/\/www.bru-stars.be\/en\/le-reseau-bru-stars-historique\/organisatiestructuur-bru-stars\/postes-transversaux\/"]}]},{"@type":"BreadcrumbList","@id":"https:\/\/www.bru-stars.be\/en\/le-reseau-bru-stars-historique\/organisatiestructuur-bru-stars\/postes-transversaux\/#breadcrumb","itemListElement":[{"@type":"ListItem","position":1,"name":"Accueil","item":"https:\/\/www.bru-stars.be\/"},{"@type":"ListItem","position":2,"name":"Netwerk Bru-Stars","item":"http:\/\/www.bru-stars.be\/nl\/le-reseau-bru-stars-historique\/"},{"@type":"ListItem","position":3,"name":"Structure organisationnelle","item":"https:\/\/www.bru-stars.be\/le-reseau-bru-stars-historique\/organisatiestructuur-bru-stars\/"},{"@type":"ListItem","position":4,"name":"(Fran\u00e7ais) Fonctions transversales"}]},{"@type":"WebSite","@id":"https:\/\/www.bru-stars.be\/#website","url":"https:\/\/www.bru-stars.be\/","name":"Bru-Stars","description":"R\u00e9seau bruxellois en sante mentale pour enfants et adolescents \u00b7 Brussels netwerk geestelijke gezondheid voor kinderen en jongeren","publisher":{"@id":"https:\/\/www.bru-stars.be\/#organization"},"potentialAction":[{"@type":"SearchAction","target":{"@type":"EntryPoint","urlTemplate":"https:\/\/www.bru-stars.be\/?s={search_term_string}"},"query-input":"required name=search_term_string"}],"inLanguage":"nl-NL"},{"@type":"Organization","@id":"https:\/\/www.bru-stars.be\/#organization","name":"Bru-Stars","url":"https:\/\/www.bru-stars.be\/","logo":{"@type":"ImageObject","inLanguage":"nl-NL","@id":"https:\/\/www.bru-stars.be\/#\/schema\/logo\/image\/","url":"https:\/\/www.bru-stars.be\/wp-content\/uploads\/2024\/07\/nouveau-logo-brustars.svg","contentUrl":"https:\/\/www.bru-stars.be\/wp-content\/uploads\/2024\/07\/nouveau-logo-brustars.svg","caption":"Bru-Stars"},"image":{"@id":"https:\/\/www.bru-stars.be\/#\/schema\/logo\/image\/"}}]}},"_links":{"self":[{"href":"https:\/\/www.bru-stars.be\/nl\/wp-json\/wp\/v2\/pages\/288"}],"collection":[{"href":"https:\/\/www.bru-stars.be\/nl\/wp-json\/wp\/v2\/pages"}],"about":[{"href":"https:\/\/www.bru-stars.be\/nl\/wp-json\/wp\/v2\/types\/page"}],"author":[{"embeddable":true,"href":"https:\/\/www.bru-stars.be\/nl\/wp-json\/wp\/v2\/users\/2"}],"replies":[{"embeddable":true,"href":"https:\/\/www.bru-stars.be\/nl\/wp-json\/wp\/v2\/comments?post=288"}],"version-history":[{"count":12,"href":"https:\/\/www.bru-stars.be\/nl\/wp-json\/wp\/v2\/pages\/288\/revisions"}],"predecessor-version":[{"id":2672,"href":"https:\/\/www.bru-stars.be\/nl\/wp-json\/wp\/v2\/pages\/288\/revisions\/2672"}],"up":[{"embeddable":true,"href":"https:\/\/www.bru-stars.be\/nl\/wp-json\/wp\/v2\/pages\/218"}],"wp:featuredmedia":[{"embeddable":true,"href":"https:\/\/www.bru-stars.be\/nl\/wp-json\/wp\/v2\/media\/2202"}],"wp:attachment":[{"href":"https:\/\/www.bru-stars.be\/nl\/wp-json\/wp\/v2\/media?parent=288"}],"curies":[{"name":"wp","href":"https:\/\/api.w.org\/{rel}","templated":true}]}}